{"id":3054,"date":"2026-02-19T13:15:47","date_gmt":"2026-02-19T12:15:47","guid":{"rendered":"https:\/\/motorrad-stossdaempfer-reparatur.de\/?page_id=3054"},"modified":"2026-02-19T13:17:40","modified_gmt":"2026-02-19T12:17:40","slug":"ohlins-smart-ec-2-0","status":"publish","type":"page","link":"https:\/\/motorrad-stossdaempfer-reparatur.de\/pl\/oehlins-smart-ec-2-0\/","title":{"rendered":"\u00d6hlins Smart EC 2.0"},"content":{"rendered":"<div data-elementor-type=\"wp-page\" data-elementor-id=\"3054\" class=\"elementor elementor-3054\" data-elementor-post-type=\"page\">\n\t\t\t\t<div class=\"elementor-element elementor-element-93d8804 e-flex e-con-boxed e-con e-parent\" data-id=\"93d8804\" data-element_type=\"container\" data-e-type=\"container\">\n\t\t\t\t\t<div class=\"e-con-inner\">\n\t\t\t\t<div class=\"elementor-element elementor-element-f905b1a elementor-widget elementor-widget-html\" data-id=\"f905b1a\" data-element_type=\"widget\" data-e-type=\"widget\" data-widget_type=\"html.default\">\n\t\t\t\t<div class=\"elementor-widget-container\">\n\t\t\t\t\t<div style=\"font-family: 'Segoe UI', Roboto, Arial, sans-serif; max-width: 900px; margin: 0 auto; color: #333; line-height: 1.6; padding: 20px;\">\r\n\r\n    <div style=\"text-align: center; padding: 40px 20px; background: #fff; border: 1px solid #eee; border-radius: 15px; box-shadow: 0 10px 30px rgba(0,0,0,0.05); margin-bottom: 40px;\">\r\n        <h1 style=\"color: #420DF2; text-transform: uppercase; font-size: 28px; letter-spacing: 1px; margin-bottom: 15px;\">\r\n            \u00d6hlins Smart EC 2.0 Serwis i Naprawa\r\n        <\/h1>\r\n        <p style=\"font-size: 18px; color: #555; max-width: 700px; margin: 0 auto;\">\r\n            The <strong>\u00d6hlins Smart EC 2.0<\/strong> to najbardziej zaawansowane p\u00f3\u0142aktywne zawieszenie na rynku.\nMaksymalna wydajno\u015b\u0107 wymaga maksymalnej precyzji w konserwacji. Rekondycjonujemy Pa\u0144stwa komponenty klasy premium do poziomu fabrycznego.\r\n        <\/p>\r\n    <\/div>\r\n\r\n    <div style=\"display: flex; flex-wrap: wrap; gap: 20px; margin-bottom: 50px;\">\r\n        <div style=\"flex: 1; min-width: 300px; background: #fff; padding: 25px; border-radius: 12px; border-top: 5px solid #420DF2; box-shadow: 0 4px 15px rgba(0,0,0,0.05);\">\r\n            <h2 style=\"color: #420DF2; font-size: 20px; margin-top: 0;\">\ud83c\udf00 Amortyzator EC TTX<\/h2>\r\n            <p style=\"font-size: 14px; color: #555;\">\r\n                Technologia TTX (Twin Tube) w po\u0142\u0105czeniu z zaworami elektronicznymi zapewnia najwy\u017cszy poziom amortyzacji. Nasz serwis:\r\n            <\/p>\r\n            <ul style=\"padding-left: 18px; font-size: 14px; color: #555;\">\r\n                <li style=\"margin-bottom: 5px;\">Kompletna rewizja obejmuj\u0105ca wszystkie oringi i \u0142o\u017cyska \u015blizgowe.<\/li>\r\n                <li style=\"margin-bottom: 5px;\">Kontrola i czyszczenie nastawnik\u00f3w elektronicznych.<\/li>\r\n                <li style=\"margin-bottom: 5px;\">Odpowietrzanie pr\u00f3\u017cniowe dla absolutnie sta\u0142ych wsp\u00f3\u0142czynnik\u00f3w t\u0142umienia.<\/li>\r\n                <li>U\u017cycie oryginalnego p\u0142ynu \u00d6hlins o wysokich osi\u0105gach.<\/li>\r\n            <\/ul>\r\n        <\/div>\r\n        \r\n        <div style=\"flex: 1; min-width: 300px; background: #fff; padding: 25px; border-radius: 12px; border-top: 5px solid #420DF2; box-shadow: 0 4px 15px rgba(0,0,0,0.05);\">\r\n            <h2 style=\"color: #420DF2; font-size: 20px; margin-top: 0;\">\ud83c\udf74 NIX Smart EC Widelec-Serwis<\/h2>\r\n            <p style=\"font-size: 14px; color: #555;\">\r\n                Interfejs cz\u0142owiek-maszyna. Dla doskona\u0142ego wyczucia przedniego ko\u0142a oferujemy:\r\n            <\/p>\r\n            <ul style=\"padding-left: 18px; font-size: 14px; color: #555;\">\r\n                <li style=\"margin-bottom: 5px;\">Serwis widelca z ultraniskotarciowymi, specjalnymi zestawami uszczelniaj\u0105cymi.<\/li>\r\n                <li style=\"margin-bottom: 5px;\">Polerowanie precyzyjne rur prowadz\u0105cych w celu zminimalizowania efektu stick-slip.<\/li>\r\n                <li>Kontrola dzia\u0142ania elektronicznych zawor\u00f3w iglicowych.<\/li>\r\n            <\/ul>\r\n            <p style=\"font-weight: bold; color: #420DF2; margin-top: 15px;\">\u2794 Utrzymanie wydajno\u015bci na tor wy\u015bcigowy i drog\u0119.<\/p>\r\n        <\/div>\r\n    <\/div>\r\n\r\n    <div style=\"background: #f9f9f9; padding: 30px; border-radius: 12px; text-align: center; margin-bottom: 40px; border: 1px solid #e0daff;\">\r\n        <h3 style=\"color: #333; margin-top: 0;\">Konserwacja zamiast utraty warto\u015bci<\/h3>\r\n        <p style=\"font-size: 15px; color: #666;\">\r\n            System \u00d6hlins Smart EC to cenna inwestycja w Tw\u00f3j motocykl. Regularne przegl\u0105dy zapobiegaj\u0105 kosztownym uszkodzeniom nast\u0119pczym zawor\u00f3w elektronicznych i zabezpieczaj\u0105 warto\u015b\u0107 odsprzeda\u017cy Twojej maszyny. Pracujemy z tak\u0105 sam\u0105 staranno\u015bci\u0105, z jak\u0105 w\u0142o\u017cono w t\u0119 szwedzk\u0105 technologi\u0119 zawieszenia.\r\n        <\/p>\r\n    <\/div>\r\n\r\n    <div style=\"text-align: center; font-size: 14px; color: #888;\">\r\n        <h4 style=\"margin-bottom: 5px; color: #420DF2;\">Cz\u0119ste modele z funkcj\u0105 Smart EC 2.0:<\/h4>\r\n        <p>\r\n            Yamaha YZF-R1M | Honda CBR1000RR-R Fireblade SP | Kawasaki Ninja H2 Carbon | Ducati Panigale V4 S i Streetfighter V4 S\r\n        <\/p>\r\n        <div style=\"margin-top: 25px;\">\r\n            <a href=\"#modellwahl\" style=\"display: inline-block; background: #420DF2; color: #fff; padding: 12px 30px; text-decoration: none; border-radius: 5px; font-weight: bold;\">ZLECENIE SERWISOWE \u00d6HLINS<\/a>\r\n        <\/div>\r\n    <\/div>\r\n\r\n<\/div>\t\t\t\t<\/div>\n\t\t\t\t<\/div>\n\t\t\t\t<div class=\"elementor-element elementor-element-1ddbc8a elementor-widget elementor-widget-shortcode\" data-id=\"1ddbc8a\" data-element_type=\"widget\" data-e-type=\"widget\" data-widget_type=\"shortcode.default\">\n\t\t\t\t<div class=\"elementor-widget-container\">\n\t\t\t\t\t\t\t<div class=\"elementor-shortcode\">    <div class=\"moto-wrap\">\n      <div class=\"moto-card\" style=\"background:#ffecec;border-color:#ff4d4f;\">\n        <strong style=\"font-size:16px;\">\u26a0\ufe0f WICHTIG: Dies ist KEINE Anfrage!<\/strong><br><br>\n        Hier finden Sie unsere Preise <strong>und k\u00f6nnen einen Auftrag<\/strong> zur Reparatur Ihres Sto\u00dfd\u00e4mpfers erstellen.<br><br>\n        Bitte nur ausf\u00fcllen, wenn Sie den D\u00e4mpfer wirklich einsenden m\u00f6chten. Dies ist <strong>kein Kontaktformular<\/strong> und keine Preisanfrage.<br><br>\n        Bei Fragen nutzen Sie bitte unser <a href=\"https:\/\/moto-shock.de\/kontakt\/\" target=\"_blank\" rel=\"noopener\">Kontaktformular<\/a> oder lesen Sie die Informationen auf der Website.\n      <\/div>\n\n      <div class=\"moto-card\">\n        <div class=\"moto-row\" style=\"justify-content:space-between;align-items:flex-start\">\n          <div>\n            <div style=\"font-size:18px;font-weight:800;margin-bottom:6px\">Sto\u00dfd\u00e4mpfer-Service beauftragen<\/div>\n            <div class=\"moto-muted\">W\u00e4hle dein Motorrad und markiere die gew\u00fcnschten Leistungen. Danach wird ein verbindlicher Auftrag als PDF erzeugt, den du ausdruckst und ins Paket legst.<\/div>\n          <\/div>\n          <span class=\"moto-badge\">Moto-Shock<\/span>\n        <\/div>\n        <div class=\"moto-hr\"><\/div>\n        <div class=\"moto-grid\">\n          <div><div class=\"moto-label\">Producent<\/div><select class=\"moto-select\" data-moto=\"manufacturer\"><option value=\"\">\u0141adowanie...<\/option><\/select><\/div>\n          <div><div class=\"moto-label\">Model<\/div><select class=\"moto-select\" data-moto=\"model\" disabled><option value=\"\">Wybierz producenta<\/option><\/select><\/div>\n          <div><div class=\"moto-label\">Rok budowy<\/div><select class=\"moto-select\" data-moto=\"year\" disabled><option value=\"\">Wybierz model<\/option><\/select><\/div>\n        <\/div>\n        <div style=\"margin-top:10px\" class=\"moto-row\">\n          <div><div class=\"moto-label\">Przepustnica elektroniczna<\/div><select class=\"moto-select\" data-moto=\"esa\" style=\"max-width:320px\"><option value=\"any\">Nie jestem pewien\/nie obchodzi mnie to<\/option><option value=\"no\">Nie<\/option><option value=\"yes\">Tak<\/option><\/select><\/div>\n        <\/div>\n      <\/div>\n\n      <div class=\"moto-card\" style=\"background:#fffbe6;border-color:#ffe58f;\">\n        <strong>Uwaga dotycz\u0105ca cen:<\/strong><br>Die aufgef\u00fchrten Preise gelten ausschlie\u00dflich f\u00fcr die ausgew\u00e4hlten Leistungen. Zus\u00e4tzliche Arbeiten oder notwendige Ersatzteile werden vorab mit Ihnen abgestimmt.\n      <\/div>\n\n      <div class=\"moto-card\">\n        <div style=\"font-size:16px;font-weight:800;margin-bottom:6px\">Odpowiednie us\u0142ugi<\/div>\n        <div data-moto=\"services\"><\/div>\n      <\/div>\n\n      <div class=\"moto-card\">\n        <div style=\"font-size:16px;font-weight:800;margin-bottom:6px\">Verbindlichen Auftrag erstellen (PDF)<\/div>\n        <div class=\"moto-card\" style=\"background:#fff3cd;border-color:#ffe58f;\">\n          <strong>Hinweis:<\/strong><br><br>\n          Mit Klick auf \u201eVerbindlichen Auftrag erstellen\u201c wird ein <strong>verbindlicher Auftrag<\/strong> erstellt.<br><br>\n          Das Formular ist <strong>keine Anfrage<\/strong> und ersetzt nicht das Kontaktformular. Wenn Sie unsicher sind, nutzen Sie bitte zuerst den Kontaktbereich der Website.\n        <\/div>\n\n        <div class=\"moto-grid\">\n          <div><div class=\"moto-label\">Imi\u0119 <span class=\"moto-req\">*<\/span><\/div><input class=\"moto-input\" data-moto=\"firstname\" type=\"text\" placeholder=\"Imi\u0119\"><\/div>\n          <div><div class=\"moto-label\">Nazwisko <span class=\"moto-req\">*<\/span><\/div><input class=\"moto-input\" data-moto=\"lastname\" type=\"text\" placeholder=\"Nazwisko\"><\/div>\n          <div><div class=\"moto-label\">Firma (opcjonalnie)<\/div><input class=\"moto-input\" data-moto=\"company\" type=\"text\" placeholder=\"Firma\"><\/div>\n          <div>\n            <div class=\"moto-label\">Land <span class=\"moto-req\">*<\/span><\/div>\n            <select class=\"moto-select\" data-moto=\"country\">\n              <option value=\"\">Land w\u00e4hlen<\/option>\n              <option value=\"Deutschland\">Niemcy<\/option>\n              <option value=\"\u00d6sterreich\">\u00d6sterreich<\/option>\n              <option value=\"Schweiz\">Schweiz<\/option>\n              <option value=\"Niederlande\">Niederlande<\/option>\n              <option value=\"Belgien\">Belgien<\/option>\n              <option value=\"Luxemburg\">Luxemburg<\/option>\n              <option value=\"Frankreich\">Frankreich<\/option>\n              <option value=\"Italien\">Italien<\/option>\n              <option value=\"D\u00e4nemark\">D\u00e4nemark<\/option>\n              <option value=\"Anderes Land\">Anderes Land<\/option>\n            <\/select>\n          <\/div>\n          <div><div class=\"moto-label\">Festnetz (optional)<\/div><input class=\"moto-input\" data-moto=\"landline\" type=\"text\" placeholder=\"z.B. 05451 ...\"><\/div>\n          <div><div class=\"moto-label\">Handy \/ WhatsApp (empfohlen)<\/div><input class=\"moto-input\" data-moto=\"phone\" type=\"text\" placeholder=\"np. 0176 ...\"><\/div>\n          <div style=\"grid-column:1 \/ -1;background:#eefaf1;border:1px solid #b7ebc6;border-radius:12px;padding:12px\">\n            <strong>Hinweis:<\/strong> Die Kommunikation \u00fcber <strong>WhatsApp<\/strong> ist f\u00fcr uns am einfachsten und meistens am schnellsten. Eine Handynummer ist nicht verpflichtend, hilft uns aber sehr, R\u00fcckfragen schneller zu kl\u00e4ren und Ihren Auftrag z\u00fcgiger zu bearbeiten.\n          <\/div>\n          <div><div class=\"moto-label\">Ulica + numer domu <span class=\"moto-req\">*<\/span><\/div><input class=\"moto-input\" data-moto=\"street\" type=\"text\" placeholder=\"Street House nr.\"><\/div>\n          <div><div class=\"moto-label\">KOD POCZTOWY <span class=\"moto-req\">*<\/span><\/div><input class=\"moto-input\" data-moto=\"zip\" type=\"text\" placeholder=\"KOD POCZTOWY\"><\/div>\n          <div><div class=\"moto-label\">Miejsce <span class=\"moto-req\">*<\/span><\/div><input class=\"moto-input\" data-moto=\"city\" type=\"text\" placeholder=\"Miejsce\"><\/div>\n          <div><div class=\"moto-label\">e-mail <span class=\"moto-req\">*<\/span><\/div><input class=\"moto-input\" data-moto=\"email\" type=\"email\" placeholder=\"name@mail.de\"><\/div>\n          <div><div class=\"moto-label\">Preferowana komunikacja <span class=\"moto-req\">*<\/span><\/div><select class=\"moto-select\" data-moto=\"contactpref\"><option value=\"whatsapp\">WhatsApp (empfohlen)<\/option><option value=\"email\">e-mail<\/option><\/select><\/div>\n          <div><div class=\"moto-label\">Waga kierowcy (opcjonalnie)<\/div><input class=\"moto-input\" data-moto=\"weight\" type=\"text\" placeholder=\"np. 95 kg z odzie\u017c\u0105\"><\/div>\n          <div style=\"grid-column:1 \/ -1\"><div class=\"moto-label\">Wiadomo\u015b\u0107 do nas (opcjonalnie)<\/div><textarea class=\"moto-textarea\" data-moto=\"note\" placeholder=\"Kurze Mitteilung, falls n\u00f6tig...\"><\/textarea><\/div>\n        <\/div>\n\n        <div style=\"margin-top:10px\" class=\"moto-row\">\n          <label class=\"moto-row\" style=\"gap:8px\"><input type=\"checkbox\" data-moto=\"privacy\"><span>Mam <a href=\"https:\/\/motorrad-stossdaempfer-reparatur.de\/pl\/datenschutz\/\" target=\"_blank\" rel=\"noopener\">Przepisy dotycz\u0105ce ochrony danych<\/a> i zaakceptowa\u0107 je. <span class=\"moto-req\">*<\/span><\/span><\/label>\n        <\/div>\n        <div style=\"margin-top:10px\" class=\"moto-row\">\n          <label class=\"moto-row\" style=\"gap:8px\"><input type=\"checkbox\" data-moto=\"orderconfirm\"><span>Ich best\u00e4tige, dass ich einen <strong>verbindlichen Auftrag<\/strong> erteile und keine Anfrage stelle. <span class=\"moto-req\">*<\/span><\/span><\/label>\n        <\/div>\n        <div style=\"margin-top:12px\" class=\"moto-row\">\n          <button class=\"moto-btn\" data-moto=\"makepdf\" type=\"button\">Verbindlichen Auftrag erstellen (PDF mit QR)<\/button>\n          <span class=\"moto-muted\">Przycisk pobierania pojawia si\u0119 natychmiast po utworzeniu.<\/span>\n        <\/div>\n        <div data-moto=\"result\" style=\"margin-top:12px\"><\/div>\n      <\/div>\n    <\/div>\n    <\/div>\n\t\t\t\t\t\t<\/div>\n\t\t\t\t<\/div>\n\t\t\t\t\t<\/div>\n\t\t\t\t<\/div>\n\t\t\t\t<\/div>","protected":false},"excerpt":{"rendered":"<p>\u00d6hlins Smart EC 2.0 Service &#038; Reparatur Das \u00d6hlins Smart EC 2.0 ist das fortschrittlichste semi-aktive Fahrwerk am Markt. Maximale Performance erfordert maximale Pr\u00e4zision bei der Wartung. Wir revidieren Ihre High-End-Komponenten auf Werksniveau. \ud83c\udf00 Smart EC TTX Federbein Die TTX-Technologie (Twin Tube) in Kombination mit elektronischen Ventilen d\u00e4mpft auf h\u00f6chstem Niveau. Unser Service: Komplette Revision [&hellip;]<\/p>\n","protected":false},"author":4,"featured_media":0,"parent":0,"menu_order":0,"comment_status":"closed","ping_status":"closed","template":"","meta":{"inline_featured_image":false,"_monsterinsights_skip_tracking":false,"_monsterinsights_sitenote_active":false,"_monsterinsights_sitenote_note":"","_monsterinsights_sitenote_category":0,"footnotes":""},"class_list":["post-3054","page","type-page","status-publish","hentry"],"yoast_head":"<!-- This site is optimized with the Yoast SEO plugin v27.4 - https:\/\/yoast.com\/product\/yoast-seo-wordpress\/ -->\n<title>\u00d6hlins Smart EC 2.0 - MOTORRAD STOSSD\u00c4MPFER REPARATUR<\/title>\n<meta name=\"robots\" content=\"index, follow, max-snippet:-1, max-image-preview:large, max-video-preview:-1\" \/>\n<link rel=\"canonical\" href=\"https:\/\/motorrad-stossdaempfer-reparatur.de\/pl\/ohlins-smart-ec-2-0\/\" \/>\n<meta property=\"og:locale\" content=\"pl_PL\" \/>\n<meta property=\"og:type\" content=\"article\" \/>\n<meta property=\"og:title\" content=\"\u00d6hlins Smart EC 2.0 - MOTORRAD STOSSD\u00c4MPFER REPARATUR\" \/>\n<meta property=\"og:description\" content=\"\u00d6hlins Smart EC 2.0 Service &#038; Reparatur Das \u00d6hlins Smart EC 2.0 ist das fortschrittlichste semi-aktive Fahrwerk am Markt. Maximale Performance erfordert maximale Pr\u00e4zision bei der Wartung. Wir revidieren Ihre High-End-Komponenten auf Werksniveau. \ud83c\udf00 Smart EC TTX Federbein Die TTX-Technologie (Twin Tube) in Kombination mit elektronischen Ventilen d\u00e4mpft auf h\u00f6chstem Niveau. Unser Service: Komplette Revision [&hellip;]\" \/>\n<meta property=\"og:url\" content=\"https:\/\/motorrad-stossdaempfer-reparatur.de\/pl\/ohlins-smart-ec-2-0\/\" \/>\n<meta property=\"og:site_name\" content=\"MOTORRAD STOSSD\u00c4MPFER REPARATUR\" \/>\n<meta property=\"article:modified_time\" content=\"2026-02-19T12:17:40+00:00\" \/>\n<meta name=\"twitter:card\" content=\"summary_large_image\" \/>\n<meta name=\"twitter:label1\" content=\"Szacowany czas czytania\" \/>\n\t<meta name=\"twitter:data1\" content=\"2 minuty\" \/>\n<script type=\"application\/ld+json\" class=\"yoast-schema-graph\">{\"@context\":\"https:\\\/\\\/schema.org\",\"@graph\":[{\"@type\":\"WebPage\",\"@id\":\"https:\\\/\\\/motorrad-stossdaempfer-reparatur.de\\\/oehlins-smart-ec-2-0\\\/\",\"url\":\"https:\\\/\\\/motorrad-stossdaempfer-reparatur.de\\\/oehlins-smart-ec-2-0\\\/\",\"name\":\"\u00d6hlins Smart EC 2.0 - MOTORRAD STOSSD\u00c4MPFER REPARATUR\",\"isPartOf\":{\"@id\":\"https:\\\/\\\/motorrad-stossdaempfer-reparatur.de\\\/#website\"},\"datePublished\":\"2026-02-19T12:15:47+00:00\",\"dateModified\":\"2026-02-19T12:17:40+00:00\",\"breadcrumb\":{\"@id\":\"https:\\\/\\\/motorrad-stossdaempfer-reparatur.de\\\/oehlins-smart-ec-2-0\\\/#breadcrumb\"},\"inLanguage\":\"pl-PL\",\"potentialAction\":[{\"@type\":\"ReadAction\",\"target\":[\"https:\\\/\\\/motorrad-stossdaempfer-reparatur.de\\\/oehlins-smart-ec-2-0\\\/\"]}]},{\"@type\":\"BreadcrumbList\",\"@id\":\"https:\\\/\\\/motorrad-stossdaempfer-reparatur.de\\\/oehlins-smart-ec-2-0\\\/#breadcrumb\",\"itemListElement\":[{\"@type\":\"ListItem\",\"position\":1,\"name\":\"Startseite\",\"item\":\"https:\\\/\\\/motorrad-stossdaempfer-reparatur.de\\\/\"},{\"@type\":\"ListItem\",\"position\":2,\"name\":\"\u00d6hlins Smart EC 2.0\"}]},{\"@type\":\"WebSite\",\"@id\":\"https:\\\/\\\/motorrad-stossdaempfer-reparatur.de\\\/#website\",\"url\":\"https:\\\/\\\/motorrad-stossdaempfer-reparatur.de\\\/\",\"name\":\"MOTORRAD STOSSD\u00c4MPFER REPARATUR\",\"description\":\"Motorrad Ibbenb\u00fcren bietet Reparatur f\u00fcr deine Stossd\u00e4mpfer und Federbeine\",\"publisher\":{\"@id\":\"https:\\\/\\\/motorrad-stossdaempfer-reparatur.de\\\/#organization\"},\"potentialAction\":[{\"@type\":\"SearchAction\",\"target\":{\"@type\":\"EntryPoint\",\"urlTemplate\":\"https:\\\/\\\/motorrad-stossdaempfer-reparatur.de\\\/?s={search_term_string}\"},\"query-input\":{\"@type\":\"PropertyValueSpecification\",\"valueRequired\":true,\"valueName\":\"search_term_string\"}}],\"inLanguage\":\"pl-PL\"},{\"@type\":\"Organization\",\"@id\":\"https:\\\/\\\/motorrad-stossdaempfer-reparatur.de\\\/#organization\",\"name\":\"MOTORRAD STOSSD\u00c4MPFER REPARATUR\",\"url\":\"https:\\\/\\\/motorrad-stossdaempfer-reparatur.de\\\/\",\"logo\":{\"@type\":\"ImageObject\",\"inLanguage\":\"pl-PL\",\"@id\":\"https:\\\/\\\/motorrad-stossdaempfer-reparatur.de\\\/#\\\/schema\\\/logo\\\/image\\\/\",\"url\":\"https:\\\/\\\/motorrad-stossdaempfer-reparatur.de\\\/wp-content\\\/uploads\\\/2021\\\/04\\\/logo_motorrad-stossdaempfer-reparatur_700px.png\",\"contentUrl\":\"https:\\\/\\\/motorrad-stossdaempfer-reparatur.de\\\/wp-content\\\/uploads\\\/2021\\\/04\\\/logo_motorrad-stossdaempfer-reparatur_700px.png\",\"width\":700,\"height\":370,\"caption\":\"MOTORRAD STOSSD\u00c4MPFER REPARATUR\"},\"image\":{\"@id\":\"https:\\\/\\\/motorrad-stossdaempfer-reparatur.de\\\/#\\\/schema\\\/logo\\\/image\\\/\"}}]}<\/script>\n<!-- \/ Yoast SEO plugin. -->","yoast_head_json":{"title":"\u00d6hlins Smart EC 2.0 - Naprawa amortyzator\u00f3w motocyklowych","robots":{"index":"index","follow":"follow","max-snippet":"max-snippet:-1","max-image-preview":"max-image-preview:large","max-video-preview":"max-video-preview:-1"},"canonical":"https:\/\/motorrad-stossdaempfer-reparatur.de\/pl\/ohlins-smart-ec-2-0\/","og_locale":"pl_PL","og_type":"article","og_title":"\u00d6hlins Smart EC 2.0 - MOTORRAD STOSSD\u00c4MPFER REPARATUR","og_description":"\u00d6hlins Smart EC 2.0 Service &#038; Reparatur Das \u00d6hlins Smart EC 2.0 ist das fortschrittlichste semi-aktive Fahrwerk am Markt. Maximale Performance erfordert maximale Pr\u00e4zision bei der Wartung. Wir revidieren Ihre High-End-Komponenten auf Werksniveau. \ud83c\udf00 Smart EC TTX Federbein Die TTX-Technologie (Twin Tube) in Kombination mit elektronischen Ventilen d\u00e4mpft auf h\u00f6chstem Niveau. Unser Service: Komplette Revision [&hellip;]","og_url":"https:\/\/motorrad-stossdaempfer-reparatur.de\/pl\/ohlins-smart-ec-2-0\/","og_site_name":"MOTORRAD STOSSD\u00c4MPFER REPARATUR","article_modified_time":"2026-02-19T12:17:40+00:00","twitter_card":"summary_large_image","twitter_misc":{"Szacowany czas czytania":"2 minuty"},"schema":{"@context":"https:\/\/schema.org","@graph":[{"@type":"WebPage","@id":"https:\/\/motorrad-stossdaempfer-reparatur.de\/oehlins-smart-ec-2-0\/","url":"https:\/\/motorrad-stossdaempfer-reparatur.de\/oehlins-smart-ec-2-0\/","name":"\u00d6hlins Smart EC 2.0 - Naprawa amortyzator\u00f3w motocyklowych","isPartOf":{"@id":"https:\/\/motorrad-stossdaempfer-reparatur.de\/#website"},"datePublished":"2026-02-19T12:15:47+00:00","dateModified":"2026-02-19T12:17:40+00:00","breadcrumb":{"@id":"https:\/\/motorrad-stossdaempfer-reparatur.de\/oehlins-smart-ec-2-0\/#breadcrumb"},"inLanguage":"pl-PL","potentialAction":[{"@type":"ReadAction","target":["https:\/\/motorrad-stossdaempfer-reparatur.de\/oehlins-smart-ec-2-0\/"]}]},{"@type":"BreadcrumbList","@id":"https:\/\/motorrad-stossdaempfer-reparatur.de\/oehlins-smart-ec-2-0\/#breadcrumb","itemListElement":[{"@type":"ListItem","position":1,"name":"Startseite","item":"https:\/\/motorrad-stossdaempfer-reparatur.de\/"},{"@type":"ListItem","position":2,"name":"\u00d6hlins Smart EC 2.0"}]},{"@type":"WebSite","@id":"https:\/\/motorrad-stossdaempfer-reparatur.de\/#website","url":"https:\/\/motorrad-stossdaempfer-reparatur.de\/","name":"NAPRAWA AMORTYZATOR\u00d3W MOTOCYKLOWYCH","description":"Motorrad Ibbenb\u00fcren oferuje napraw\u0119 twoich amortyzator\u00f3w i amortyzator\u00f3w tylnych","publisher":{"@id":"https:\/\/motorrad-stossdaempfer-reparatur.de\/#organization"},"potentialAction":[{"@type":"SearchAction","target":{"@type":"EntryPoint","urlTemplate":"https:\/\/motorrad-stossdaempfer-reparatur.de\/?s={search_term_string}"},"query-input":{"@type":"PropertyValueSpecification","valueRequired":true,"valueName":"search_term_string"}}],"inLanguage":"pl-PL"},{"@type":"Organization","@id":"https:\/\/motorrad-stossdaempfer-reparatur.de\/#organization","name":"NAPRAWA AMORTYZATOR\u00d3W MOTOCYKLOWYCH","url":"https:\/\/motorrad-stossdaempfer-reparatur.de\/","logo":{"@type":"ImageObject","inLanguage":"pl-PL","@id":"https:\/\/motorrad-stossdaempfer-reparatur.de\/#\/schema\/logo\/image\/","url":"https:\/\/motorrad-stossdaempfer-reparatur.de\/wp-content\/uploads\/2021\/04\/logo_motorrad-stossdaempfer-reparatur_700px.png","contentUrl":"https:\/\/motorrad-stossdaempfer-reparatur.de\/wp-content\/uploads\/2021\/04\/logo_motorrad-stossdaempfer-reparatur_700px.png","width":700,"height":370,"caption":"MOTORRAD STOSSD\u00c4MPFER REPARATUR"},"image":{"@id":"https:\/\/motorrad-stossdaempfer-reparatur.de\/#\/schema\/logo\/image\/"}}]}},"_links":{"self":[{"href":"https:\/\/motorrad-stossdaempfer-reparatur.de\/pl\/wp-json\/wp\/v2\/pages\/3054","targetHints":{"allow":["GET"]}}],"collection":[{"href":"https:\/\/motorrad-stossdaempfer-reparatur.de\/pl\/wp-json\/wp\/v2\/pages"}],"about":[{"href":"https:\/\/motorrad-stossdaempfer-reparatur.de\/pl\/wp-json\/wp\/v2\/types\/page"}],"author":[{"embeddable":true,"href":"https:\/\/motorrad-stossdaempfer-reparatur.de\/pl\/wp-json\/wp\/v2\/users\/4"}],"replies":[{"embeddable":true,"href":"https:\/\/motorrad-stossdaempfer-reparatur.de\/pl\/wp-json\/wp\/v2\/comments?post=3054"}],"version-history":[{"count":4,"href":"https:\/\/motorrad-stossdaempfer-reparatur.de\/pl\/wp-json\/wp\/v2\/pages\/3054\/revisions"}],"predecessor-version":[{"id":3058,"href":"https:\/\/motorrad-stossdaempfer-reparatur.de\/pl\/wp-json\/wp\/v2\/pages\/3054\/revisions\/3058"}],"wp:attachment":[{"href":"https:\/\/motorrad-stossdaempfer-reparatur.de\/pl\/wp-json\/wp\/v2\/media?parent=3054"}],"curies":[{"name":"wp","href":"https:\/\/api.w.org\/{rel}","templated":true}]}}