{"id":3054,"date":"2026-02-19T13:15:47","date_gmt":"2026-02-19T12:15:47","guid":{"rendered":"https:\/\/motorrad-stossdaempfer-reparatur.de\/?page_id=3054"},"modified":"2026-02-19T13:17:40","modified_gmt":"2026-02-19T12:17:40","slug":"oehlins-smart-ec-2-0","status":"publish","type":"page","link":"https:\/\/motorrad-stossdaempfer-reparatur.de\/nb\/oehlins-smart-ec-2-0\/","title":{"rendered":"\u00d6hlins Smart EC 2.0"},"content":{"rendered":"<div data-elementor-type=\"wp-page\" data-elementor-id=\"3054\" class=\"elementor elementor-3054\" data-elementor-post-type=\"page\">\n\t\t\t\t<div class=\"elementor-element elementor-element-93d8804 e-flex e-con-boxed e-con e-parent\" data-id=\"93d8804\" data-element_type=\"container\" data-e-type=\"container\">\n\t\t\t\t\t<div class=\"e-con-inner\">\n\t\t\t\t<div class=\"elementor-element elementor-element-f905b1a elementor-widget elementor-widget-html\" data-id=\"f905b1a\" data-element_type=\"widget\" data-e-type=\"widget\" data-widget_type=\"html.default\">\n\t\t\t\t<div class=\"elementor-widget-container\">\n\t\t\t\t\t<div style=\"font-family: 'Segoe UI', Roboto, Arial, sans-serif; max-width: 900px; margin: 0 auto; color: #333; line-height: 1.6; padding: 20px;\">\r\n\r\n    <div style=\"text-align: center; padding: 40px 20px; background: #fff; border: 1px solid #eee; border-radius: 15px; box-shadow: 0 10px 30px rgba(0,0,0,0.05); margin-bottom: 40px;\">\r\n        <h1 style=\"color: #420DF2; text-transform: uppercase; font-size: 28px; letter-spacing: 1px; margin-bottom: 15px;\">\r\n            \u00d6hlins Smart EC 2.0 Service & Reparatur\r\n        <\/h1>\r\n        <p style=\"font-size: 18px; color: #555; max-width: 700px; margin: 0 auto;\">\r\n            Das <strong>\u00d6hlins Smart EC 2.0<\/strong> ist das fortschrittlichste semi-aktive Fahrwerk am Markt. \r\n            Maximale Performance erfordert maximale Pr\u00e4zision bei der Wartung. Wir revidieren Ihre High-End-Komponenten auf Werksniveau.\r\n        <\/p>\r\n    <\/div>\r\n\r\n    <div style=\"display: flex; flex-wrap: wrap; gap: 20px; margin-bottom: 50px;\">\r\n        <div style=\"flex: 1; min-width: 300px; background: #fff; padding: 25px; border-radius: 12px; border-top: 5px solid #420DF2; box-shadow: 0 4px 15px rgba(0,0,0,0.05);\">\r\n            <h2 style=\"color: #420DF2; font-size: 20px; margin-top: 0;\">\ud83c\udf00 Smart EC TTX Federbein<\/h2>\r\n            <p style=\"font-size: 14px; color: #555;\">\r\n                Die TTX-Technologie (Twin Tube) in Kombination mit elektronischen Ventilen d\u00e4mpft auf h\u00f6chstem Niveau. Unser Service:\r\n            <\/p>\r\n            <ul style=\"padding-left: 18px; font-size: 14px; color: #555;\">\r\n                <li style=\"margin-bottom: 5px;\">Komplette Revision inkl. aller O-Ringe und F\u00fchrungslager.<\/li>\r\n                <li style=\"margin-bottom: 5px;\">Pr\u00fcfung und Reinigung der elektronischen Stellglieder.<\/li>\r\n                <li style=\"margin-bottom: 5px;\">Vakuum-Entl\u00fcftung f\u00fcr absolut konstante D\u00e4mpfungsraten.<\/li>\r\n                <li>Verwendung von originalem \u00d6hlins High-Performance Fluid.<\/li>\r\n            <\/ul>\r\n        <\/div>\r\n        \r\n        <div style=\"flex: 1; min-width: 300px; background: #fff; padding: 25px; border-radius: 12px; border-top: 5px solid #420DF2; box-shadow: 0 4px 15px rgba(0,0,0,0.05);\">\r\n            <h2 style=\"color: #420DF2; font-size: 20px; margin-top: 0;\">\ud83c\udf74 NIX Smart EC Gabel-Service<\/h2>\r\n            <p style=\"font-size: 14px; color: #555;\">\r\n                Die Schnittstelle zwischen Mensch und Maschine. F\u00fcr ein perfektes Gef\u00fchl am Vorderrad bieten wir:\r\n            <\/p>\r\n            <ul style=\"padding-left: 18px; font-size: 14px; color: #555;\">\r\n                <li style=\"margin-bottom: 5px;\">Gabelservice mit extrem reibungsarmen Spezial-Dichts\u00e4tzen.<\/li>\r\n                <li style=\"margin-bottom: 5px;\">Feinstpolitur der Gleitrohre zur Minimierung des Stick-Slip-Effekts.<\/li>\r\n                <li>Funktionscheck der elektronischen Nadelventile.<\/li>\r\n            <\/ul>\r\n            <p style=\"font-weight: bold; color: #420DF2; margin-top: 15px;\">\u2794 Performance-Erhalt f\u00fcr Rennstrecke und Stra\u00dfe.<\/p>\r\n        <\/div>\r\n    <\/div>\r\n\r\n    <div style=\"background: #f9f9f9; padding: 30px; border-radius: 12px; text-align: center; margin-bottom: 40px; border: 1px solid #e0daff;\">\r\n        <h3 style=\"color: #333; margin-top: 0;\">Wartung statt Wertverlust<\/h3>\r\n        <p style=\"font-size: 15px; color: #666;\">\r\n            Ein \u00d6hlins Smart EC System ist eine wertvolle Investition in Ihr Motorrad. Durch regelm\u00e4\u00dfige Revisionen verhindern Sie teure Folgesch\u00e4den an den elektronischen Ventilen und sichern den Wiederverkaufswert Ihrer Maschine. Wir arbeiten mit der gleichen Sorgfalt, die in diese schwedische Fahrwerkstechnik geflossen ist.\r\n        <\/p>\r\n    <\/div>\r\n\r\n    <div style=\"text-align: center; font-size: 14px; color: #888;\">\r\n        <h4 style=\"margin-bottom: 5px; color: #420DF2;\">H\u00e4ufige Modelle mit Smart EC 2.0:<\/h4>\r\n        <p>\r\n            Yamaha YZF-R1M | Honda CBR1000RR-R Fireblade SP | Kawasaki Ninja H2 Carbon | Ducati Panigale V4 S & Streetfighter V4 S\r\n        <\/p>\r\n        <div style=\"margin-top: 25px;\">\r\n            <a href=\"#modellwahl\" style=\"display: inline-block; background: #420DF2; color: #fff; padding: 12px 30px; text-decoration: none; border-radius: 5px; font-weight: bold;\">\u00d6HLINS SERVICE BEAUFTRAGEN<\/a>\r\n        <\/div>\r\n    <\/div>\r\n\r\n<\/div>\t\t\t\t<\/div>\n\t\t\t\t<\/div>\n\t\t\t\t<div class=\"elementor-element elementor-element-1ddbc8a elementor-widget elementor-widget-shortcode\" data-id=\"1ddbc8a\" data-element_type=\"widget\" data-e-type=\"widget\" data-widget_type=\"shortcode.default\">\n\t\t\t\t<div class=\"elementor-widget-container\">\n\t\t\t\t\t\t\t<div class=\"elementor-shortcode\">    <div class=\"moto-wrap\">\n      <div class=\"moto-card\" style=\"background:#ffecec;border-color:#ff4d4f;\">\n        <strong style=\"font-size:16px;\">\u26a0\ufe0f WICHTIG: Dies ist KEINE Anfrage!<\/strong><br><br>\n        Hier finden Sie unsere Preise <strong>und k\u00f6nnen einen Auftrag<\/strong> zur Reparatur Ihres Sto\u00dfd\u00e4mpfers erstellen.<br><br>\n        Bitte nur ausf\u00fcllen, wenn Sie den D\u00e4mpfer wirklich einsenden m\u00f6chten. Dies ist <strong>kein Kontaktformular<\/strong> und keine Preisanfrage.<br><br>\n        Bei Fragen nutzen Sie bitte unser <a href=\"https:\/\/moto-shock.de\/kontakt\/\" target=\"_blank\" rel=\"noopener\">Kontaktformular<\/a> oder lesen Sie die Informationen auf der Website.\n      <\/div>\n\n      <div class=\"moto-card\">\n        <div class=\"moto-row\" style=\"justify-content:space-between;align-items:flex-start\">\n          <div>\n            <div style=\"font-size:18px;font-weight:800;margin-bottom:6px\">Sto\u00dfd\u00e4mpfer-Service beauftragen<\/div>\n            <div class=\"moto-muted\">W\u00e4hle dein Motorrad und markiere die gew\u00fcnschten Leistungen. Danach wird ein verbindlicher Auftrag als PDF erzeugt, den du ausdruckst und ins Paket legst.<\/div>\n          <\/div>\n          <span class=\"moto-badge\">Moto-Shock<\/span>\n        <\/div>\n        <div class=\"moto-hr\"><\/div>\n        <div class=\"moto-grid\">\n          <div><div class=\"moto-label\">Produsent<\/div><select class=\"moto-select\" data-moto=\"manufacturer\"><option value=\"\">Laster...<\/option><\/select><\/div>\n          <div><div class=\"moto-label\">Modell<\/div><select class=\"moto-select\" data-moto=\"model\" disabled><option value=\"\">Vennligst velg produsent<\/option><\/select><\/div>\n          <div><div class=\"moto-label\">Bygge\u00e5r<\/div><select class=\"moto-select\" data-moto=\"year\" disabled><option value=\"\">Vennligst velg modell<\/option><\/select><\/div>\n        <\/div>\n        <div style=\"margin-top:10px\" class=\"moto-row\">\n          <div><div class=\"moto-label\">Elektronisk spjeld<\/div><select class=\"moto-select\" data-moto=\"esa\" style=\"max-width:320px\"><option value=\"any\">Ikke sikker \/ bryr meg ikke<\/option><option value=\"no\">Nei<\/option><option value=\"yes\">Yes<\/option><\/select><\/div>\n        <\/div>\n      <\/div>\n\n      <div class=\"moto-card\" style=\"background:#fffbe6;border-color:#ffe58f;\">\n        <strong>Merknad om priser:<\/strong><br>Die aufgef\u00fchrten Preise gelten ausschlie\u00dflich f\u00fcr die ausgew\u00e4hlten Leistungen. Zus\u00e4tzliche Arbeiten oder notwendige Ersatzteile werden vorab mit Ihnen abgestimmt.\n      <\/div>\n\n      <div class=\"moto-card\">\n        <div style=\"font-size:16px;font-weight:800;margin-bottom:6px\">Egnede tjenester<\/div>\n        <div data-moto=\"services\"><\/div>\n      <\/div>\n\n      <div class=\"moto-card\">\n        <div style=\"font-size:16px;font-weight:800;margin-bottom:6px\">Verbindlichen Auftrag erstellen (PDF)<\/div>\n        <div class=\"moto-card\" style=\"background:#fff3cd;border-color:#ffe58f;\">\n          <strong>Hinweis:<\/strong><br><br>\n          Mit Klick auf \u201eVerbindlichen Auftrag erstellen\u201c wird ein <strong>verbindlicher Auftrag<\/strong> erstellt.<br><br>\n          Das Formular ist <strong>keine Anfrage<\/strong> und ersetzt nicht das Kontaktformular. Wenn Sie unsicher sind, nutzen Sie bitte zuerst den Kontaktbereich der Website.\n        <\/div>\n\n        <div class=\"moto-grid\">\n          <div><div class=\"moto-label\">Fornavn <span class=\"moto-req\">*<\/span><\/div><input class=\"moto-input\" data-moto=\"firstname\" type=\"text\" placeholder=\"Fornavn\"><\/div>\n          <div><div class=\"moto-label\">Etternavn <span class=\"moto-req\">*<\/span><\/div><input class=\"moto-input\" data-moto=\"lastname\" type=\"text\" placeholder=\"Etternavn\"><\/div>\n          <div><div class=\"moto-label\">Selskap (valgfritt)<\/div><input class=\"moto-input\" data-moto=\"company\" type=\"text\" placeholder=\"Selskap\"><\/div>\n          <div>\n            <div class=\"moto-label\">Land <span class=\"moto-req\">*<\/span><\/div>\n            <select class=\"moto-select\" data-moto=\"country\">\n              <option value=\"\">Land w\u00e4hlen<\/option>\n              <option value=\"Deutschland\">Tyskland<\/option>\n              <option value=\"\u00d6sterreich\">\u00d6sterreich<\/option>\n              <option value=\"Schweiz\">Schweiz<\/option>\n              <option value=\"Niederlande\">Niederlande<\/option>\n              <option value=\"Belgien\">Belgien<\/option>\n              <option value=\"Luxemburg\">Luxemburg<\/option>\n              <option value=\"Frankreich\">Frankreich<\/option>\n              <option value=\"Italien\">Italien<\/option>\n              <option value=\"D\u00e4nemark\">D\u00e4nemark<\/option>\n              <option value=\"Anderes Land\">Anderes Land<\/option>\n            <\/select>\n          <\/div>\n          <div><div class=\"moto-label\">Festnetz (optional)<\/div><input class=\"moto-input\" data-moto=\"landline\" type=\"text\" placeholder=\"z.B. 05451 ...\"><\/div>\n          <div><div class=\"moto-label\">Handy \/ WhatsApp (empfohlen)<\/div><input class=\"moto-input\" data-moto=\"phone\" type=\"text\" placeholder=\"f.eks. 0176 ...\"><\/div>\n          <div style=\"grid-column:1 \/ -1;background:#eefaf1;border:1px solid #b7ebc6;border-radius:12px;padding:12px\">\n            <strong>Hinweis:<\/strong> Die Kommunikation \u00fcber <strong>WhatsApp<\/strong> ist f\u00fcr uns am einfachsten und meistens am schnellsten. Eine Handynummer ist nicht verpflichtend, hilft uns aber sehr, R\u00fcckfragen schneller zu kl\u00e4ren und Ihren Auftrag z\u00fcgiger zu bearbeiten.\n          <\/div>\n          <div><div class=\"moto-label\">Gate + husnummer <span class=\"moto-req\">*<\/span><\/div><input class=\"moto-input\" data-moto=\"street\" type=\"text\" placeholder=\"Street House nr.\"><\/div>\n          <div><div class=\"moto-label\">POSTCODE <span class=\"moto-req\">*<\/span><\/div><input class=\"moto-input\" data-moto=\"zip\" type=\"text\" placeholder=\"POSTCODE\"><\/div>\n          <div><div class=\"moto-label\">Beliggenhet <span class=\"moto-req\">*<\/span><\/div><input class=\"moto-input\" data-moto=\"city\" type=\"text\" placeholder=\"Beliggenhet\"><\/div>\n          <div><div class=\"moto-label\">e-post <span class=\"moto-req\">*<\/span><\/div><input class=\"moto-input\" data-moto=\"email\" type=\"email\" placeholder=\"name@mail.de\"><\/div>\n          <div><div class=\"moto-label\">Foretrukket kommunikasjon <span class=\"moto-req\">*<\/span><\/div><select class=\"moto-select\" data-moto=\"contactpref\"><option value=\"whatsapp\">WhatsApp (empfohlen)<\/option><option value=\"email\">e-post<\/option><\/select><\/div>\n          <div><div class=\"moto-label\">Sj\u00e5f\u00f8rens vekt (valgfritt)<\/div><input class=\"moto-input\" data-moto=\"weight\" type=\"text\" placeholder=\"f.eks. 95 kg med kl\u00e6r\"><\/div>\n          <div style=\"grid-column:1 \/ -1\"><div class=\"moto-label\">Melding til oss (valgfritt)<\/div><textarea class=\"moto-textarea\" data-moto=\"note\" placeholder=\"Kurze Mitteilung, falls n\u00f6tig...\"><\/textarea><\/div>\n        <\/div>\n\n        <div style=\"margin-top:10px\" class=\"moto-row\">\n          <label class=\"moto-row\" style=\"gap:8px\"><input type=\"checkbox\" data-moto=\"privacy\"><span>Jeg har <a href=\"https:\/\/motorrad-stossdaempfer-reparatur.de\/nb\/datenschutz\/\" target=\"_blank\" rel=\"noopener\">Forskrifter om databeskyttelse<\/a> og akseptere dem. <span class=\"moto-req\">*<\/span><\/span><\/label>\n        <\/div>\n        <div style=\"margin-top:10px\" class=\"moto-row\">\n          <label class=\"moto-row\" style=\"gap:8px\"><input type=\"checkbox\" data-moto=\"orderconfirm\"><span>Ich best\u00e4tige, dass ich einen <strong>verbindlichen Auftrag<\/strong> erteile und keine Anfrage stelle. <span class=\"moto-req\">*<\/span><\/span><\/label>\n        <\/div>\n        <div style=\"margin-top:12px\" class=\"moto-row\">\n          <button class=\"moto-btn\" data-moto=\"makepdf\" type=\"button\">Verbindlichen Auftrag erstellen (PDF mit QR)<\/button>\n          <span class=\"moto-muted\">Nedlastingsknappen vises umiddelbart etter opprettelsen.<\/span>\n        <\/div>\n        <div data-moto=\"result\" style=\"margin-top:12px\"><\/div>\n      <\/div>\n    <\/div>\n    <\/div>\n\t\t\t\t\t\t<\/div>\n\t\t\t\t<\/div>\n\t\t\t\t\t<\/div>\n\t\t\t\t<\/div>\n\t\t\t\t<\/div>","protected":false},"excerpt":{"rendered":"<p>\u00d6hlins Smart EC 2.0 Service &#038; Reparatur Das \u00d6hlins Smart EC 2.0 ist das fortschrittlichste semi-aktive Fahrwerk am Markt. Maximale Performance erfordert maximale Pr\u00e4zision bei der Wartung. Wir revidieren Ihre High-End-Komponenten auf Werksniveau. \ud83c\udf00 Smart EC TTX Federbein Die TTX-Technologie (Twin Tube) in Kombination mit elektronischen Ventilen d\u00e4mpft auf h\u00f6chstem Niveau. Unser Service: Komplette Revision [&hellip;]<\/p>\n","protected":false},"author":4,"featured_media":0,"parent":0,"menu_order":0,"comment_status":"closed","ping_status":"closed","template":"","meta":{"inline_featured_image":false,"_monsterinsights_skip_tracking":false,"_monsterinsights_sitenote_active":false,"_monsterinsights_sitenote_note":"","_monsterinsights_sitenote_category":0,"footnotes":""},"class_list":["post-3054","page","type-page","status-publish","hentry"],"yoast_head":"<!-- This site is optimized with the Yoast SEO plugin v27.4 - https:\/\/yoast.com\/product\/yoast-seo-wordpress\/ -->\n<title>\u00d6hlins Smart EC 2.0 - MOTORRAD STOSSD\u00c4MPFER REPARATUR<\/title>\n<meta name=\"robots\" content=\"index, follow, max-snippet:-1, max-image-preview:large, max-video-preview:-1\" \/>\n<link rel=\"canonical\" href=\"https:\/\/motorrad-stossdaempfer-reparatur.de\/nb\/oehlins-smart-ec-2-0\/\" \/>\n<meta property=\"og:locale\" content=\"nb_NO\" \/>\n<meta property=\"og:type\" content=\"article\" \/>\n<meta property=\"og:title\" content=\"\u00d6hlins Smart EC 2.0 - MOTORRAD STOSSD\u00c4MPFER REPARATUR\" \/>\n<meta property=\"og:description\" content=\"\u00d6hlins Smart EC 2.0 Service &#038; Reparatur Das \u00d6hlins Smart EC 2.0 ist das fortschrittlichste semi-aktive Fahrwerk am Markt. Maximale Performance erfordert maximale Pr\u00e4zision bei der Wartung. Wir revidieren Ihre High-End-Komponenten auf Werksniveau. \ud83c\udf00 Smart EC TTX Federbein Die TTX-Technologie (Twin Tube) in Kombination mit elektronischen Ventilen d\u00e4mpft auf h\u00f6chstem Niveau. Unser Service: Komplette Revision [&hellip;]\" \/>\n<meta property=\"og:url\" content=\"https:\/\/motorrad-stossdaempfer-reparatur.de\/nb\/oehlins-smart-ec-2-0\/\" \/>\n<meta property=\"og:site_name\" content=\"MOTORRAD STOSSD\u00c4MPFER REPARATUR\" \/>\n<meta property=\"article:modified_time\" content=\"2026-02-19T12:17:40+00:00\" \/>\n<meta name=\"twitter:card\" content=\"summary_large_image\" \/>\n<meta name=\"twitter:label1\" content=\"Ansl. lesetid\" \/>\n\t<meta name=\"twitter:data1\" content=\"2 minutter\" \/>\n<script type=\"application\/ld+json\" class=\"yoast-schema-graph\">{\"@context\":\"https:\\\/\\\/schema.org\",\"@graph\":[{\"@type\":\"WebPage\",\"@id\":\"https:\\\/\\\/motorrad-stossdaempfer-reparatur.de\\\/oehlins-smart-ec-2-0\\\/\",\"url\":\"https:\\\/\\\/motorrad-stossdaempfer-reparatur.de\\\/oehlins-smart-ec-2-0\\\/\",\"name\":\"\u00d6hlins Smart EC 2.0 - MOTORRAD STOSSD\u00c4MPFER REPARATUR\",\"isPartOf\":{\"@id\":\"https:\\\/\\\/motorrad-stossdaempfer-reparatur.de\\\/#website\"},\"datePublished\":\"2026-02-19T12:15:47+00:00\",\"dateModified\":\"2026-02-19T12:17:40+00:00\",\"breadcrumb\":{\"@id\":\"https:\\\/\\\/motorrad-stossdaempfer-reparatur.de\\\/oehlins-smart-ec-2-0\\\/#breadcrumb\"},\"inLanguage\":\"nb-NO\",\"potentialAction\":[{\"@type\":\"ReadAction\",\"target\":[\"https:\\\/\\\/motorrad-stossdaempfer-reparatur.de\\\/oehlins-smart-ec-2-0\\\/\"]}]},{\"@type\":\"BreadcrumbList\",\"@id\":\"https:\\\/\\\/motorrad-stossdaempfer-reparatur.de\\\/oehlins-smart-ec-2-0\\\/#breadcrumb\",\"itemListElement\":[{\"@type\":\"ListItem\",\"position\":1,\"name\":\"Startseite\",\"item\":\"https:\\\/\\\/motorrad-stossdaempfer-reparatur.de\\\/\"},{\"@type\":\"ListItem\",\"position\":2,\"name\":\"\u00d6hlins Smart EC 2.0\"}]},{\"@type\":\"WebSite\",\"@id\":\"https:\\\/\\\/motorrad-stossdaempfer-reparatur.de\\\/#website\",\"url\":\"https:\\\/\\\/motorrad-stossdaempfer-reparatur.de\\\/\",\"name\":\"MOTORRAD STOSSD\u00c4MPFER REPARATUR\",\"description\":\"Motorrad Ibbenb\u00fcren bietet Reparatur f\u00fcr deine Stossd\u00e4mpfer und Federbeine\",\"publisher\":{\"@id\":\"https:\\\/\\\/motorrad-stossdaempfer-reparatur.de\\\/#organization\"},\"potentialAction\":[{\"@type\":\"SearchAction\",\"target\":{\"@type\":\"EntryPoint\",\"urlTemplate\":\"https:\\\/\\\/motorrad-stossdaempfer-reparatur.de\\\/?s={search_term_string}\"},\"query-input\":{\"@type\":\"PropertyValueSpecification\",\"valueRequired\":true,\"valueName\":\"search_term_string\"}}],\"inLanguage\":\"nb-NO\"},{\"@type\":\"Organization\",\"@id\":\"https:\\\/\\\/motorrad-stossdaempfer-reparatur.de\\\/#organization\",\"name\":\"MOTORRAD STOSSD\u00c4MPFER REPARATUR\",\"url\":\"https:\\\/\\\/motorrad-stossdaempfer-reparatur.de\\\/\",\"logo\":{\"@type\":\"ImageObject\",\"inLanguage\":\"nb-NO\",\"@id\":\"https:\\\/\\\/motorrad-stossdaempfer-reparatur.de\\\/#\\\/schema\\\/logo\\\/image\\\/\",\"url\":\"https:\\\/\\\/motorrad-stossdaempfer-reparatur.de\\\/wp-content\\\/uploads\\\/2021\\\/04\\\/logo_motorrad-stossdaempfer-reparatur_700px.png\",\"contentUrl\":\"https:\\\/\\\/motorrad-stossdaempfer-reparatur.de\\\/wp-content\\\/uploads\\\/2021\\\/04\\\/logo_motorrad-stossdaempfer-reparatur_700px.png\",\"width\":700,\"height\":370,\"caption\":\"MOTORRAD STOSSD\u00c4MPFER REPARATUR\"},\"image\":{\"@id\":\"https:\\\/\\\/motorrad-stossdaempfer-reparatur.de\\\/#\\\/schema\\\/logo\\\/image\\\/\"}}]}<\/script>\n<!-- \/ Yoast SEO plugin. -->","yoast_head_json":{"title":"\u00d6hlins Smart EC 2.0 - MOTORRAD STOSSD\u00c4MPFER REPARATUR","robots":{"index":"index","follow":"follow","max-snippet":"max-snippet:-1","max-image-preview":"max-image-preview:large","max-video-preview":"max-video-preview:-1"},"canonical":"https:\/\/motorrad-stossdaempfer-reparatur.de\/nb\/oehlins-smart-ec-2-0\/","og_locale":"nb_NO","og_type":"article","og_title":"\u00d6hlins Smart EC 2.0 - MOTORRAD STOSSD\u00c4MPFER REPARATUR","og_description":"\u00d6hlins Smart EC 2.0 Service &#038; Reparatur Das \u00d6hlins Smart EC 2.0 ist das fortschrittlichste semi-aktive Fahrwerk am Markt. Maximale Performance erfordert maximale Pr\u00e4zision bei der Wartung. Wir revidieren Ihre High-End-Komponenten auf Werksniveau. \ud83c\udf00 Smart EC TTX Federbein Die TTX-Technologie (Twin Tube) in Kombination mit elektronischen Ventilen d\u00e4mpft auf h\u00f6chstem Niveau. Unser Service: Komplette Revision [&hellip;]","og_url":"https:\/\/motorrad-stossdaempfer-reparatur.de\/nb\/oehlins-smart-ec-2-0\/","og_site_name":"MOTORRAD STOSSD\u00c4MPFER REPARATUR","article_modified_time":"2026-02-19T12:17:40+00:00","twitter_card":"summary_large_image","twitter_misc":{"Ansl. lesetid":"2 minutter"},"schema":{"@context":"https:\/\/schema.org","@graph":[{"@type":"WebPage","@id":"https:\/\/motorrad-stossdaempfer-reparatur.de\/oehlins-smart-ec-2-0\/","url":"https:\/\/motorrad-stossdaempfer-reparatur.de\/oehlins-smart-ec-2-0\/","name":"\u00d6hlins Smart EC 2.0 - MOTORRAD STOSSD\u00c4MPFER REPARATUR","isPartOf":{"@id":"https:\/\/motorrad-stossdaempfer-reparatur.de\/#website"},"datePublished":"2026-02-19T12:15:47+00:00","dateModified":"2026-02-19T12:17:40+00:00","breadcrumb":{"@id":"https:\/\/motorrad-stossdaempfer-reparatur.de\/oehlins-smart-ec-2-0\/#breadcrumb"},"inLanguage":"nb-NO","potentialAction":[{"@type":"ReadAction","target":["https:\/\/motorrad-stossdaempfer-reparatur.de\/oehlins-smart-ec-2-0\/"]}]},{"@type":"BreadcrumbList","@id":"https:\/\/motorrad-stossdaempfer-reparatur.de\/oehlins-smart-ec-2-0\/#breadcrumb","itemListElement":[{"@type":"ListItem","position":1,"name":"Startseite","item":"https:\/\/motorrad-stossdaempfer-reparatur.de\/"},{"@type":"ListItem","position":2,"name":"\u00d6hlins Smart EC 2.0"}]},{"@type":"WebSite","@id":"https:\/\/motorrad-stossdaempfer-reparatur.de\/#website","url":"https:\/\/motorrad-stossdaempfer-reparatur.de\/","name":"Motorsykkel st\u00f8tdemper reparasjon","description":"Motorrad Ibbenb\u00fcren tilbyr reparasjon av st\u00f8tdempere og fj\u00e6rben","publisher":{"@id":"https:\/\/motorrad-stossdaempfer-reparatur.de\/#organization"},"potentialAction":[{"@type":"SearchAction","target":{"@type":"EntryPoint","urlTemplate":"https:\/\/motorrad-stossdaempfer-reparatur.de\/?s={search_term_string}"},"query-input":{"@type":"PropertyValueSpecification","valueRequired":true,"valueName":"search_term_string"}}],"inLanguage":"nb-NO"},{"@type":"Organization","@id":"https:\/\/motorrad-stossdaempfer-reparatur.de\/#organization","name":"Motorsykkel st\u00f8tdemper reparasjon","url":"https:\/\/motorrad-stossdaempfer-reparatur.de\/","logo":{"@type":"ImageObject","inLanguage":"nb-NO","@id":"https:\/\/motorrad-stossdaempfer-reparatur.de\/#\/schema\/logo\/image\/","url":"https:\/\/motorrad-stossdaempfer-reparatur.de\/wp-content\/uploads\/2021\/04\/logo_motorrad-stossdaempfer-reparatur_700px.png","contentUrl":"https:\/\/motorrad-stossdaempfer-reparatur.de\/wp-content\/uploads\/2021\/04\/logo_motorrad-stossdaempfer-reparatur_700px.png","width":700,"height":370,"caption":"MOTORRAD STOSSD\u00c4MPFER REPARATUR"},"image":{"@id":"https:\/\/motorrad-stossdaempfer-reparatur.de\/#\/schema\/logo\/image\/"}}]}},"_links":{"self":[{"href":"https:\/\/motorrad-stossdaempfer-reparatur.de\/nb\/wp-json\/wp\/v2\/pages\/3054","targetHints":{"allow":["GET"]}}],"collection":[{"href":"https:\/\/motorrad-stossdaempfer-reparatur.de\/nb\/wp-json\/wp\/v2\/pages"}],"about":[{"href":"https:\/\/motorrad-stossdaempfer-reparatur.de\/nb\/wp-json\/wp\/v2\/types\/page"}],"author":[{"embeddable":true,"href":"https:\/\/motorrad-stossdaempfer-reparatur.de\/nb\/wp-json\/wp\/v2\/users\/4"}],"replies":[{"embeddable":true,"href":"https:\/\/motorrad-stossdaempfer-reparatur.de\/nb\/wp-json\/wp\/v2\/comments?post=3054"}],"version-history":[{"count":4,"href":"https:\/\/motorrad-stossdaempfer-reparatur.de\/nb\/wp-json\/wp\/v2\/pages\/3054\/revisions"}],"predecessor-version":[{"id":3058,"href":"https:\/\/motorrad-stossdaempfer-reparatur.de\/nb\/wp-json\/wp\/v2\/pages\/3054\/revisions\/3058"}],"wp:attachment":[{"href":"https:\/\/motorrad-stossdaempfer-reparatur.de\/nb\/wp-json\/wp\/v2\/media?parent=3054"}],"curies":[{"name":"wp","href":"https:\/\/api.w.org\/{rel}","templated":true}]}}