{"id":3029,"date":"2026-02-19T13:01:23","date_gmt":"2026-02-19T12:01:23","guid":{"rendered":"https:\/\/motorrad-stossdaempfer-reparatur.de\/?page_id=3029"},"modified":"2026-02-22T13:50:21","modified_gmt":"2026-02-22T12:50:21","slug":"ducati-skyhook-suspension","status":"publish","type":"page","link":"https:\/\/motorrad-stossdaempfer-reparatur.de\/nb\/ducati-skyhook-suspension\/","title":{"rendered":"Ducati Skyhook Fj\u00e6ring"},"content":{"rendered":"<div data-elementor-type=\"wp-page\" data-elementor-id=\"3029\" class=\"elementor elementor-3029\" data-elementor-post-type=\"page\">\n\t\t\t\t<div class=\"elementor-element elementor-element-dc88886 e-flex e-con-boxed e-con e-parent\" data-id=\"dc88886\" data-element_type=\"container\" data-e-type=\"container\">\n\t\t\t\t\t<div class=\"e-con-inner\">\n\t\t\t\t<div class=\"elementor-element elementor-element-3dbad5e elementor-widget elementor-widget-html\" data-id=\"3dbad5e\" data-element_type=\"widget\" data-e-type=\"widget\" data-widget_type=\"html.default\">\n\t\t\t\t<div class=\"elementor-widget-container\">\n\t\t\t\t\t<div style=\"font-family: Arial, sans-serif; max-width: 1000px; margin: 0 auto; background-color: #ffffff; color: #333333; line-height: 1.6; border: 1px solid #eee;\">\r\n\r\n    <div style=\"background-color: #420DF2; color: #DFFF00; padding: 15px 20px; text-transform: uppercase; font-weight: bold; font-size: 14px; letter-spacing: 2px; text-align: center;\">\r\n        Ducati Skyhook Service \/\/ Fahrwerks-Revision vom Profi\r\n    <\/div>\r\n\r\n    <div style=\"padding: 50px 40px; border-bottom: 5px solid #420DF2; background: #fcfcfc;\">\r\n        <h1 style=\"font-size: 34px; margin: 0; color: #000000; text-transform: uppercase; font-weight: 800;\">\r\n            Ducati Skyhook: <span style=\"color: #420DF2;\">Pr\u00e4zision & Performance<\/span>\r\n        <\/h1>\r\n        <p style=\"font-size: 18px; color: #555; margin-top: 15px; max-width: 800px;\">\r\n            Das <strong>Ducati Skyhook Suspension (DSS)<\/strong> System von Sachs bietet \u00fcberragenden Komfort \u2013 bis es zu Fehlern kommt. \r\n            Wir sind Ihr Spezialist f\u00fcr die Revision von Skyhook-Federbeinen und Gabeln.\r\n        <\/p>\r\n    <\/div>\r\n\r\n    <div style=\"display: grid; grid-template-columns: 1fr 1fr; gap: 0; border-bottom: 1px solid #eee;\">\r\n        \r\n        <div style=\"padding: 40px; border-right: 1px solid #eee;\">\r\n            <h2 style=\"color: #420DF2; text-transform: uppercase; font-size: 20px; margin-top: 0; margin-bottom: 20px; border-left: 4px solid #420DF2; padding-left: 15px;\">\r\n                \ud83c\udf74 Skyhook Gabel-Service\r\n            <\/h2>\r\n            <p style=\"font-size: 14px; color: #555;\">\r\n                Die semi-aktive Sachs-Gabel verlangt nach h\u00f6chster Pr\u00e4zision. Wir beheben:\r\n            <\/p>\r\n            <ul style=\"list-style: none; padding: 0; font-size: 14px; color: #333;\">\r\n                <li style=\"margin-bottom: 10px; padding-left: 25px; position: relative;\">\r\n                    <span style=\"position: absolute; left: 0; color: #420DF2;\">\u2714<\/span> Undichte Simmerringe & Staubkappen\r\n                <\/li>\r\n                <li style=\"margin-bottom: 10px; padding-left: 25px; position: relative;\">\r\n                    <span style=\"position: absolute; left: 0; color: #420DF2;\">\u2714<\/span> Fehlerhafte Ventil-Ansteuerung\r\n                <\/li>\r\n                <li style=\"margin-bottom: 10px; padding-left: 25px; position: relative;\">\r\n                    <span style=\"position: absolute; left: 0; color: #420DF2;\">\u2714<\/span> Verschlissenes Spezial\u00f6l\r\n                <\/li>\r\n            <\/ul>\r\n            <p style=\"font-weight: bold; color: #420DF2; margin-top: 15px; font-size: 14px;\">Inklusive Politur der Standrohre.<\/p>\r\n        <\/div>\r\n\r\n        <div style=\"padding: 40px; background-color: #fcfcfc;\">\r\n            <h2 style=\"color: #420DF2; text-transform: uppercase; font-size: 20px; margin-top: 0; margin-bottom: 20px; border-left: 4px solid #420DF2; padding-left: 15px;\">\r\n                \ud83c\udf00 DSS Federbein Revision\r\n            <\/h2>\r\n            <p style=\"font-size: 14px; color: #555;\">\r\n                Das Herzst\u00fcck des Systems leidet oft unter internem Verschlei\u00df:\r\n            <\/p>\r\n            <ul style=\"list-style: none; padding: 0; font-size: 14px; color: #333;\">\r\n                <li style=\"margin-bottom: 10px; padding-left: 25px; position: relative;\">\r\n                    <span style=\"position: absolute; left: 0; color: #420DF2;\">\u2714<\/span> Vollst\u00e4ndige Instandsetzung der Hydraulik\r\n                <\/li>\r\n                <li style=\"margin-bottom: 10px; padding-left: 25px; position: relative;\">\r\n                    <span style=\"position: absolute; left: 0; color: #420DF2;\">\u2714<\/span> Pr\u00fcfung der elektronischen Stellmotoren\r\n                <\/li>\r\n                <li style=\"margin-bottom: 10px; padding-left: 25px; position: relative;\">\r\n                    <span style=\"position: absolute; left: 0; color: #420DF2;\">\u2714<\/span> Stickstoff-Neuabstimmung\r\n                <\/li>\r\n            <\/ul>\r\n            <p style=\"font-weight: bold; color: #420DF2; margin-top: 15px; font-size: 14px;\">Ultraschallreinigung & Funktionspr\u00fcfung.<\/p>\r\n        <\/div>\r\n    <\/div>\r\n\r\n    <div style=\"padding: 40px; border-bottom: 1px solid #eee;\">\r\n        <div style=\"border: 2px dashed #420DF2; padding: 30px; text-align: center;\">\r\n            <h3 style=\"color: #000; margin-top: 0; text-transform: uppercase; font-size: 18px;\">Kein teurer Austausch n\u00f6tig<\/h3>\r\n            <p style=\"font-size: 15px; color: #666; margin-bottom: 0;\">\r\n                Ducati-Neuteile belasten oft den Zeitwert Ihres Motorrads. Unsere Revision stellt die <strong>volle Performance<\/strong> wieder her \u2013 kosteneffizient und innerhalb weniger Werktage.\r\n            <\/p>\r\n        <\/div>\r\n    <\/div>\r\n\r\n    <div style=\"background-color: #420DF2; padding: 50px 40px; text-align: center;\">\r\n        <h4 style=\"margin-top: 0; margin-bottom: 20px; color: #DFFF00; text-transform: uppercase; font-size: 16px;\">\r\n            Unterst\u00fctzte Modelle: Multistrada 1200 S \/ 1260 S \/ V4 S, Diavel 1260 S uvm.\r\n        <\/h4>\r\n        <a href=\"#reparatur-filter\" style=\"display: inline-block; background-color: #DFFF00; color: #420DF2; padding: 18px 40px; text-decoration: none; font-weight: bold; text-transform: uppercase; font-size: 18px;\">\r\n            Modell w\u00e4hlen & Service anfragen \u2193\r\n        <\/a>\r\n    <\/div>\r\n\r\n<\/div>\t\t\t\t<\/div>\n\t\t\t\t<\/div>\n\t\t\t\t<div class=\"elementor-element elementor-element-7b382e1 elementor-widget elementor-widget-shortcode\" data-id=\"7b382e1\" data-element_type=\"widget\" data-e-type=\"widget\" data-widget_type=\"shortcode.default\">\n\t\t\t\t<div class=\"elementor-widget-container\">\n\t\t\t\t\t\t\t<div class=\"elementor-shortcode\">    <div class=\"moto-wrap\">\n      <div class=\"moto-card\" style=\"background:#ffecec;border-color:#ff4d4f;\">\n        <strong style=\"font-size:16px;\"><div style=\"background-color: #f9f9f9; border-left: 5px solid #005da8; padding: 20px; font-family: sans-serif; line-height: 1.5; color: #333; border-radius: 4px;\">\n    <h3 style=\"margin-top: 0; color: #005da8; display: flex; align-items: center;\">\n        <span style=\"margin-right: 10px;\">\ud83d\udee0\ufe0f<\/span> So findest du deinen Preis &amp; erteilst uns den Auftrag\n    <\/h3>\n    \n    <p>In diesem Formular kannst du ganz einfach dein Motorrad ausw\u00e4hlen und siehst sofort die passenden <strong>Preise und Optionen<\/strong> f\u00fcr deinen Service.<\/p>\n    \n    <p style=\"margin-bottom: 5px;\"><strong>Bitte beachte dabei:<\/strong><\/p>\n    <ul style=\"margin-top: 0; padding-left: 20px;\">\n        <li style=\"margin-bottom: 8px;\">\n            <strong>Preise checken:<\/strong> Nutze das Formular gerne unverbindlich, um dir einen \u00dcberblick \u00fcber die Kosten zu verschaffen.\n        <\/li>\n        <li style=\"margin-bottom: 8px;\">\n            <strong>Auftrag erteilen:<\/strong> Erst wenn du das Formular ganz am Ende abschickst, erstellst du einen <strong>festen Reparaturauftrag<\/strong>. Bitte sende uns den D\u00e4mpfer dann auch zeitnah zu.\n        <\/li>\n        <li style=\"margin-bottom: 8px;\">\n            <strong>Keine reine Anfrage:<\/strong> Dies ist kein klassisches Kontaktformular. Wenn du erst einmal nur eine allgemeine technische Frage hast oder eine individuelle Beratung brauchst, nutze bitte unser \n            <a href=\"https:\/\/moto-shock.de\/kontakt\/\" style=\"color: #005da8; text-decoration: underline; font-weight: bold;\">Kontaktformular<\/a> \n            oder lies die Informationen auf unserer Website.\n        <\/li>\n    <\/ul>\n    \n    <p style=\"margin-bottom: 0; font-weight: bold; color: #005da8;\">Alles klar? Dann w\u00e4hle jetzt dein Bike aus und leg los!<\/p>\n<\/div>\n      <\/div>\n\n      <div class=\"moto-card\">\n        <div class=\"moto-row\" style=\"justify-content:space-between;align-items:flex-start\">\n          <div>\n            <div style=\"font-size:18px;font-weight:800;margin-bottom:6px\">Sto\u00dfd\u00e4mpfer-Service beauftragen<\/div>\n            <div class=\"moto-muted\">W\u00e4hle dein Motorrad und markiere die gew\u00fcnschten Leistungen. Danach wird ein verbindlicher Auftrag als PDF erzeugt, den du ausdruckst und ins Paket legst.<\/div>\n          <\/div>\n          <span class=\"moto-badge\">Moto-Shock<\/span>\n        <\/div>\n        <div class=\"moto-hr\"><\/div>\n        <div class=\"moto-grid\">\n          <div><div class=\"moto-label\">Produsent<\/div><select class=\"moto-select\" data-moto=\"manufacturer\"><option value=\"\">Laster...<\/option><\/select><\/div>\n          <div><div class=\"moto-label\">Modell<\/div><select class=\"moto-select\" data-moto=\"model\" disabled><option value=\"\">Vennligst velg produsent<\/option><\/select><\/div>\n          <div><div class=\"moto-label\">Bygge\u00e5r<\/div><select class=\"moto-select\" data-moto=\"year\" disabled><option value=\"\">Vennligst velg modell<\/option><\/select><\/div>\n        <\/div>\n        <div style=\"margin-top:10px\" class=\"moto-row\">\n          <div><div class=\"moto-label\">Elektronisk spjeld<\/div><select class=\"moto-select\" data-moto=\"esa\" style=\"max-width:320px\"><option value=\"any\">Ikke sikker \/ bryr meg ikke<\/option><option value=\"no\">Nei<\/option><option value=\"yes\">Yes<\/option><\/select><\/div>\n        <\/div>\n      <\/div>\n\n      <div class=\"moto-card\" style=\"background:#fffbe6;border-color:#ffe58f;\">\n        <strong>Merknad om priser:<\/strong><br>Die aufgef\u00fchrten Preise gelten ausschlie\u00dflich f\u00fcr die ausgew\u00e4hlten Leistungen. Zus\u00e4tzliche Arbeiten oder notwendige Ersatzteile werden vorab mit Ihnen abgestimmt.\n      <\/div>\n\n      <div class=\"moto-card\">\n        <div style=\"font-size:16px;font-weight:800;margin-bottom:6px\">Egnede tjenester<\/div>\n        <div data-moto=\"services\"><\/div>\n      <\/div>\n\n      <div class=\"moto-card\">\n        <div style=\"font-size:16px;font-weight:800;margin-bottom:6px\">Verbindlichen Auftrag erstellen (PDF)<\/div>\n        <div class=\"moto-card\" style=\"background:#fff3cd;border-color:#ffe58f;\">\n          <strong>Hinweis:<\/strong><br><br>\n          Mit Klick auf \u201eVerbindlichen Auftrag erstellen\u201c wird ein <strong>verbindlicher Auftrag<\/strong> erstellt.<br><br>\n          Das Formular ist <strong>keine Anfrage<\/strong> und ersetzt nicht das Kontaktformular. Wenn Sie unsicher sind, nutzen Sie bitte zuerst den Kontaktbereich der Website.\n        <\/div>\n\n        <div class=\"moto-grid\">\n          <div><div class=\"moto-label\">Fornavn <span class=\"moto-req\">*<\/span><\/div><input class=\"moto-input\" data-moto=\"firstname\" type=\"text\" placeholder=\"Fornavn\"><\/div>\n          <div><div class=\"moto-label\">Etternavn <span class=\"moto-req\">*<\/span><\/div><input class=\"moto-input\" data-moto=\"lastname\" type=\"text\" placeholder=\"Etternavn\"><\/div>\n          <div><div class=\"moto-label\">Selskap (valgfritt)<\/div><input class=\"moto-input\" data-moto=\"company\" type=\"text\" placeholder=\"Selskap\"><\/div>\n          <div><div class=\"moto-label\">Telefon \/ WhatsApp <span class=\"moto-req\">*<\/span><\/div><input class=\"moto-input\" data-moto=\"phone\" type=\"text\" placeholder=\"f.eks. 0176 ...\"><\/div>\n          <div><div class=\"moto-label\">Gate + husnummer <span class=\"moto-req\">*<\/span><\/div><input class=\"moto-input\" data-moto=\"street\" type=\"text\" placeholder=\"Street House nr.\"><\/div>\n          <div><div class=\"moto-label\">POSTCODE <span class=\"moto-req\">*<\/span><\/div><input class=\"moto-input\" data-moto=\"zip\" type=\"text\" placeholder=\"POSTCODE\"><\/div>\n          <div><div class=\"moto-label\">Beliggenhet <span class=\"moto-req\">*<\/span><\/div><input class=\"moto-input\" data-moto=\"city\" type=\"text\" placeholder=\"Beliggenhet\"><\/div>\n          <div><div class=\"moto-label\">e-post <span class=\"moto-req\">*<\/span><\/div><input class=\"moto-input\" data-moto=\"email\" type=\"email\" placeholder=\"name@mail.de\"><\/div>\n          <div><div class=\"moto-label\">Foretrukket kommunikasjon <span class=\"moto-req\">*<\/span><\/div><select class=\"moto-select\" data-moto=\"contactpref\"><option value=\"whatsapp\">WhatsApp<\/option><option value=\"email\">e-post<\/option><\/select><\/div>\n          <div><div class=\"moto-label\">Sj\u00e5f\u00f8rens vekt (valgfritt)<\/div><input class=\"moto-input\" data-moto=\"weight\" type=\"text\" placeholder=\"f.eks. 95 kg med kl\u00e6r\"><\/div>\n          <div style=\"grid-column:1 \/ -1\"><div class=\"moto-label\">Melding til oss (valgfritt)<\/div><textarea class=\"moto-textarea\" data-moto=\"note\" placeholder=\"Kurze Mitteilung, falls n\u00f6tig...\"><\/textarea><\/div>\n        <\/div>\n\n        <div style=\"margin-top:10px\" class=\"moto-row\">\n          <label class=\"moto-row\" style=\"gap:8px\"><input type=\"checkbox\" data-moto=\"privacy\"><span>Jeg har <a href=\"https:\/\/motorrad-stossdaempfer-reparatur.de\/nb\/datenschutz\/\" target=\"_blank\" rel=\"noopener\">Forskrifter om databeskyttelse<\/a> og akseptere dem. <span class=\"moto-req\">*<\/span><\/span><\/label>\n        <\/div>\n        <div style=\"margin-top:10px\" class=\"moto-row\">\n          <label class=\"moto-row\" style=\"gap:8px\"><input type=\"checkbox\" data-moto=\"orderconfirm\"><span>Ich best\u00e4tige, dass ich einen <strong>verbindlichen Auftrag<\/strong> erteile und keine Anfrage stelle. <span class=\"moto-req\">*<\/span><\/span><\/label>\n        <\/div>\n        <div style=\"margin-top:12px\" class=\"moto-row\">\n          <button class=\"moto-btn\" data-moto=\"makepdf\" type=\"button\">Verbindlichen Auftrag erstellen (PDF mit QR)<\/button>\n          <span class=\"moto-muted\">Nedlastingsknappen vises umiddelbart etter opprettelsen.<\/span>\n        <\/div>\n        <div data-moto=\"result\" style=\"margin-top:12px\"><\/div>\n      <\/div>\n    <\/div>\n    <\/div>\n\t\t\t\t\t\t<\/div>\n\t\t\t\t<\/div>\n\t\t\t\t\t<\/div>\n\t\t\t\t<\/div>\n\t\t\t\t<\/div>","protected":false},"excerpt":{"rendered":"<p>Ducati Skyhook Service \/\/ Fahrwerks-Revision vom Profi Ducati Skyhook: Pr\u00e4zision &#038; Performance Das Ducati Skyhook Suspension (DSS) System von Sachs bietet \u00fcberragenden Komfort \u2013 bis es zu Fehlern kommt. Wir sind Ihr Spezialist f\u00fcr die Revision von Skyhook-Federbeinen und Gabeln. \ud83c\udf74 Skyhook Gabel-Service Die semi-aktive Sachs-Gabel verlangt nach h\u00f6chster Pr\u00e4zision. Wir beheben: \u2714 Undichte Simmerringe [&hellip;]<\/p>\n","protected":false},"author":4,"featured_media":0,"parent":0,"menu_order":0,"comment_status":"closed","ping_status":"closed","template":"","meta":{"inline_featured_image":false,"_monsterinsights_skip_tracking":false,"_monsterinsights_sitenote_active":false,"_monsterinsights_sitenote_note":"","_monsterinsights_sitenote_category":0,"footnotes":""},"class_list":["post-3029","page","type-page","status-publish","hentry"],"yoast_head":"<!-- This site is optimized with the Yoast SEO plugin v27.4 - https:\/\/yoast.com\/product\/yoast-seo-wordpress\/ -->\n<title>Ducati Skyhook Suspension - MOTORRAD STOSSD\u00c4MPFER REPARATUR<\/title>\n<meta name=\"robots\" content=\"index, follow, max-snippet:-1, max-image-preview:large, max-video-preview:-1\" \/>\n<link rel=\"canonical\" href=\"https:\/\/motorrad-stossdaempfer-reparatur.de\/nb\/ducati-skyhook-suspension\/\" \/>\n<meta property=\"og:locale\" content=\"nb_NO\" \/>\n<meta property=\"og:type\" content=\"article\" \/>\n<meta property=\"og:title\" content=\"Ducati Skyhook Suspension - MOTORRAD STOSSD\u00c4MPFER REPARATUR\" \/>\n<meta property=\"og:description\" content=\"Ducati Skyhook Service \/\/ Fahrwerks-Revision vom Profi Ducati Skyhook: Pr\u00e4zision &#038; Performance Das Ducati Skyhook Suspension (DSS) System von Sachs bietet \u00fcberragenden Komfort \u2013 bis es zu Fehlern kommt. Wir sind Ihr Spezialist f\u00fcr die Revision von Skyhook-Federbeinen und Gabeln. \ud83c\udf74 Skyhook Gabel-Service Die semi-aktive Sachs-Gabel verlangt nach h\u00f6chster Pr\u00e4zision. Wir beheben: \u2714 Undichte Simmerringe [&hellip;]\" \/>\n<meta property=\"og:url\" content=\"https:\/\/motorrad-stossdaempfer-reparatur.de\/nb\/ducati-skyhook-suspension\/\" \/>\n<meta property=\"og:site_name\" content=\"MOTORRAD STOSSD\u00c4MPFER REPARATUR\" \/>\n<meta property=\"article:modified_time\" content=\"2026-02-22T12:50:21+00:00\" \/>\n<meta name=\"twitter:card\" content=\"summary_large_image\" \/>\n<meta name=\"twitter:label1\" content=\"Ansl. lesetid\" \/>\n\t<meta name=\"twitter:data1\" content=\"1 minutt\" \/>\n<script type=\"application\/ld+json\" class=\"yoast-schema-graph\">{\"@context\":\"https:\\\/\\\/schema.org\",\"@graph\":[{\"@type\":\"WebPage\",\"@id\":\"https:\\\/\\\/motorrad-stossdaempfer-reparatur.de\\\/ducati-skyhook-suspension\\\/\",\"url\":\"https:\\\/\\\/motorrad-stossdaempfer-reparatur.de\\\/ducati-skyhook-suspension\\\/\",\"name\":\"Ducati Skyhook Suspension - MOTORRAD STOSSD\u00c4MPFER REPARATUR\",\"isPartOf\":{\"@id\":\"https:\\\/\\\/motorrad-stossdaempfer-reparatur.de\\\/#website\"},\"datePublished\":\"2026-02-19T12:01:23+00:00\",\"dateModified\":\"2026-02-22T12:50:21+00:00\",\"breadcrumb\":{\"@id\":\"https:\\\/\\\/motorrad-stossdaempfer-reparatur.de\\\/ducati-skyhook-suspension\\\/#breadcrumb\"},\"inLanguage\":\"nb-NO\",\"potentialAction\":[{\"@type\":\"ReadAction\",\"target\":[\"https:\\\/\\\/motorrad-stossdaempfer-reparatur.de\\\/ducati-skyhook-suspension\\\/\"]}]},{\"@type\":\"BreadcrumbList\",\"@id\":\"https:\\\/\\\/motorrad-stossdaempfer-reparatur.de\\\/ducati-skyhook-suspension\\\/#breadcrumb\",\"itemListElement\":[{\"@type\":\"ListItem\",\"position\":1,\"name\":\"Startseite\",\"item\":\"https:\\\/\\\/motorrad-stossdaempfer-reparatur.de\\\/\"},{\"@type\":\"ListItem\",\"position\":2,\"name\":\"Ducati Skyhook Suspension\"}]},{\"@type\":\"WebSite\",\"@id\":\"https:\\\/\\\/motorrad-stossdaempfer-reparatur.de\\\/#website\",\"url\":\"https:\\\/\\\/motorrad-stossdaempfer-reparatur.de\\\/\",\"name\":\"MOTORRAD STOSSD\u00c4MPFER REPARATUR\",\"description\":\"Motorrad Ibbenb\u00fcren bietet Reparatur f\u00fcr deine Stossd\u00e4mpfer und Federbeine\",\"publisher\":{\"@id\":\"https:\\\/\\\/motorrad-stossdaempfer-reparatur.de\\\/#organization\"},\"potentialAction\":[{\"@type\":\"SearchAction\",\"target\":{\"@type\":\"EntryPoint\",\"urlTemplate\":\"https:\\\/\\\/motorrad-stossdaempfer-reparatur.de\\\/?s={search_term_string}\"},\"query-input\":{\"@type\":\"PropertyValueSpecification\",\"valueRequired\":true,\"valueName\":\"search_term_string\"}}],\"inLanguage\":\"nb-NO\"},{\"@type\":\"Organization\",\"@id\":\"https:\\\/\\\/motorrad-stossdaempfer-reparatur.de\\\/#organization\",\"name\":\"MOTORRAD STOSSD\u00c4MPFER REPARATUR\",\"url\":\"https:\\\/\\\/motorrad-stossdaempfer-reparatur.de\\\/\",\"logo\":{\"@type\":\"ImageObject\",\"inLanguage\":\"nb-NO\",\"@id\":\"https:\\\/\\\/motorrad-stossdaempfer-reparatur.de\\\/#\\\/schema\\\/logo\\\/image\\\/\",\"url\":\"https:\\\/\\\/motorrad-stossdaempfer-reparatur.de\\\/wp-content\\\/uploads\\\/2021\\\/04\\\/logo_motorrad-stossdaempfer-reparatur_700px.png\",\"contentUrl\":\"https:\\\/\\\/motorrad-stossdaempfer-reparatur.de\\\/wp-content\\\/uploads\\\/2021\\\/04\\\/logo_motorrad-stossdaempfer-reparatur_700px.png\",\"width\":700,\"height\":370,\"caption\":\"MOTORRAD STOSSD\u00c4MPFER REPARATUR\"},\"image\":{\"@id\":\"https:\\\/\\\/motorrad-stossdaempfer-reparatur.de\\\/#\\\/schema\\\/logo\\\/image\\\/\"}}]}<\/script>\n<!-- \/ Yoast SEO plugin. -->","yoast_head_json":{"title":"Ducati Skyhook Suspension - MOTORRAD STOSSD\u00c4MPFER REPARATUR","robots":{"index":"index","follow":"follow","max-snippet":"max-snippet:-1","max-image-preview":"max-image-preview:large","max-video-preview":"max-video-preview:-1"},"canonical":"https:\/\/motorrad-stossdaempfer-reparatur.de\/nb\/ducati-skyhook-suspension\/","og_locale":"nb_NO","og_type":"article","og_title":"Ducati Skyhook Suspension - MOTORRAD STOSSD\u00c4MPFER REPARATUR","og_description":"Ducati Skyhook Service \/\/ Fahrwerks-Revision vom Profi Ducati Skyhook: Pr\u00e4zision &#038; Performance Das Ducati Skyhook Suspension (DSS) System von Sachs bietet \u00fcberragenden Komfort \u2013 bis es zu Fehlern kommt. Wir sind Ihr Spezialist f\u00fcr die Revision von Skyhook-Federbeinen und Gabeln. \ud83c\udf74 Skyhook Gabel-Service Die semi-aktive Sachs-Gabel verlangt nach h\u00f6chster Pr\u00e4zision. Wir beheben: \u2714 Undichte Simmerringe [&hellip;]","og_url":"https:\/\/motorrad-stossdaempfer-reparatur.de\/nb\/ducati-skyhook-suspension\/","og_site_name":"MOTORRAD STOSSD\u00c4MPFER REPARATUR","article_modified_time":"2026-02-22T12:50:21+00:00","twitter_card":"summary_large_image","twitter_misc":{"Ansl. lesetid":"1 minutt"},"schema":{"@context":"https:\/\/schema.org","@graph":[{"@type":"WebPage","@id":"https:\/\/motorrad-stossdaempfer-reparatur.de\/ducati-skyhook-suspension\/","url":"https:\/\/motorrad-stossdaempfer-reparatur.de\/ducati-skyhook-suspension\/","name":"Ducati Skyhook Suspension - MOTORRAD STOSSD\u00c4MPFER REPARATUR","isPartOf":{"@id":"https:\/\/motorrad-stossdaempfer-reparatur.de\/#website"},"datePublished":"2026-02-19T12:01:23+00:00","dateModified":"2026-02-22T12:50:21+00:00","breadcrumb":{"@id":"https:\/\/motorrad-stossdaempfer-reparatur.de\/ducati-skyhook-suspension\/#breadcrumb"},"inLanguage":"nb-NO","potentialAction":[{"@type":"ReadAction","target":["https:\/\/motorrad-stossdaempfer-reparatur.de\/ducati-skyhook-suspension\/"]}]},{"@type":"BreadcrumbList","@id":"https:\/\/motorrad-stossdaempfer-reparatur.de\/ducati-skyhook-suspension\/#breadcrumb","itemListElement":[{"@type":"ListItem","position":1,"name":"Startseite","item":"https:\/\/motorrad-stossdaempfer-reparatur.de\/"},{"@type":"ListItem","position":2,"name":"Ducati Skyhook Suspension"}]},{"@type":"WebSite","@id":"https:\/\/motorrad-stossdaempfer-reparatur.de\/#website","url":"https:\/\/motorrad-stossdaempfer-reparatur.de\/","name":"Motorsykkel st\u00f8tdemper reparasjon","description":"Motorrad Ibbenb\u00fcren tilbyr reparasjon av st\u00f8tdempere og fj\u00e6rben","publisher":{"@id":"https:\/\/motorrad-stossdaempfer-reparatur.de\/#organization"},"potentialAction":[{"@type":"SearchAction","target":{"@type":"EntryPoint","urlTemplate":"https:\/\/motorrad-stossdaempfer-reparatur.de\/?s={search_term_string}"},"query-input":{"@type":"PropertyValueSpecification","valueRequired":true,"valueName":"search_term_string"}}],"inLanguage":"nb-NO"},{"@type":"Organization","@id":"https:\/\/motorrad-stossdaempfer-reparatur.de\/#organization","name":"Motorsykkel st\u00f8tdemper reparasjon","url":"https:\/\/motorrad-stossdaempfer-reparatur.de\/","logo":{"@type":"ImageObject","inLanguage":"nb-NO","@id":"https:\/\/motorrad-stossdaempfer-reparatur.de\/#\/schema\/logo\/image\/","url":"https:\/\/motorrad-stossdaempfer-reparatur.de\/wp-content\/uploads\/2021\/04\/logo_motorrad-stossdaempfer-reparatur_700px.png","contentUrl":"https:\/\/motorrad-stossdaempfer-reparatur.de\/wp-content\/uploads\/2021\/04\/logo_motorrad-stossdaempfer-reparatur_700px.png","width":700,"height":370,"caption":"MOTORRAD STOSSD\u00c4MPFER REPARATUR"},"image":{"@id":"https:\/\/motorrad-stossdaempfer-reparatur.de\/#\/schema\/logo\/image\/"}}]}},"_links":{"self":[{"href":"https:\/\/motorrad-stossdaempfer-reparatur.de\/nb\/wp-json\/wp\/v2\/pages\/3029","targetHints":{"allow":["GET"]}}],"collection":[{"href":"https:\/\/motorrad-stossdaempfer-reparatur.de\/nb\/wp-json\/wp\/v2\/pages"}],"about":[{"href":"https:\/\/motorrad-stossdaempfer-reparatur.de\/nb\/wp-json\/wp\/v2\/types\/page"}],"author":[{"embeddable":true,"href":"https:\/\/motorrad-stossdaempfer-reparatur.de\/nb\/wp-json\/wp\/v2\/users\/4"}],"replies":[{"embeddable":true,"href":"https:\/\/motorrad-stossdaempfer-reparatur.de\/nb\/wp-json\/wp\/v2\/comments?post=3029"}],"version-history":[{"count":7,"href":"https:\/\/motorrad-stossdaempfer-reparatur.de\/nb\/wp-json\/wp\/v2\/pages\/3029\/revisions"}],"predecessor-version":[{"id":3185,"href":"https:\/\/motorrad-stossdaempfer-reparatur.de\/nb\/wp-json\/wp\/v2\/pages\/3029\/revisions\/3185"}],"wp:attachment":[{"href":"https:\/\/motorrad-stossdaempfer-reparatur.de\/nb\/wp-json\/wp\/v2\/media?parent=3029"}],"curies":[{"name":"wp","href":"https:\/\/api.w.org\/{rel}","templated":true}]}}