{"id":3029,"date":"2026-02-19T13:01:23","date_gmt":"2026-02-19T12:01:23","guid":{"rendered":"https:\/\/motorrad-stossdaempfer-reparatur.de\/?page_id=3029"},"modified":"2026-02-22T13:50:21","modified_gmt":"2026-02-22T12:50:21","slug":"ducati-skyhook-ovjes","status":"publish","type":"page","link":"https:\/\/motorrad-stossdaempfer-reparatur.de\/hr\/ducati-skyhook-suspension\/","title":{"rendered":"Ducati Skyhook ovjes"},"content":{"rendered":"<div data-elementor-type=\"wp-page\" data-elementor-id=\"3029\" class=\"elementor elementor-3029\" data-elementor-post-type=\"page\">\n\t\t\t\t<div class=\"elementor-element elementor-element-dc88886 e-flex e-con-boxed e-con e-parent\" data-id=\"dc88886\" data-element_type=\"container\" data-e-type=\"container\">\n\t\t\t\t\t<div class=\"e-con-inner\">\n\t\t\t\t<div class=\"elementor-element elementor-element-3dbad5e elementor-widget elementor-widget-html\" data-id=\"3dbad5e\" data-element_type=\"widget\" data-e-type=\"widget\" data-widget_type=\"html.default\">\n\t\t\t\t<div class=\"elementor-widget-container\">\n\t\t\t\t\t<div style=\"font-family: Arial, sans-serif; max-width: 1000px; margin: 0 auto; background-color: #ffffff; color: #333333; line-height: 1.6; border: 1px solid #eee;\">\r\n\r\n    <div style=\"background-color: #420DF2; color: #DFFF00; padding: 15px 20px; text-transform: uppercase; font-weight: bold; font-size: 14px; letter-spacing: 2px; text-align: center;\">\r\n        Ducati Skyhook servis \/\/ Profesionalna obnova ovjesa\r\n    <\/div>\r\n\r\n    <div style=\"padding: 50px 40px; border-bottom: 5px solid #420DF2; background: #fcfcfc;\">\r\n        <h1 style=\"font-size: 34px; margin: 0; color: #000000; text-transform: uppercase; font-weight: 800;\">\r\n            Ducati Skyhook: <span style=\"color: #420DF2;\">Preciznost i performanse<\/span>\r\n        <\/h1>\r\n        <p style=\"font-size: 18px; color: #555; margin-top: 15px; max-width: 800px;\">\r\n            The <strong>Ducati Skyhook ovjes (DSS)<\/strong> Sachs sustav nudi izvanrednu udobnost \u2013 sve dok se ne po\u010dnu javljati kvarovi. \n Mi smo va\u0161i stru\u010dnjaci za obnovu Skyhook amortizera i vilica.\r\n        <\/p>\r\n    <\/div>\r\n\r\n    <div style=\"display: grid; grid-template-columns: 1fr 1fr; gap: 0; border-bottom: 1px solid #eee;\">\r\n        \r\n        <div style=\"padding: 40px; border-right: 1px solid #eee;\">\r\n            <h2 style=\"color: #420DF2; text-transform: uppercase; font-size: 20px; margin-top: 0; margin-bottom: 20px; border-left: 4px solid #420DF2; padding-left: 15px;\">\r\n                \ud83c\udf74 Skyhook Fork Service\r\n            <\/h2>\r\n            <p style=\"font-size: 14px; color: #555;\">\r\n                Poluaktivna Sachs vilica zahtijeva najve\u0107u preciznost. Popravljamo:\r\n            <\/p>\r\n            <ul style=\"list-style: none; padding: 0; font-size: 14px; color: #333;\">\r\n                <li style=\"margin-bottom: 10px; padding-left: 25px; position: relative;\">\r\n                    <span style=\"position: absolute; left: 0; color: #420DF2;\">\u2714<\/span> Propusna uljna brtvila i pra\u0161inska kapa\r\n                <\/li>\r\n                <li style=\"margin-bottom: 10px; padding-left: 25px; position: relative;\">\r\n                    <span style=\"position: absolute; left: 0; color: #420DF2;\">\u2714<\/span> Neispravna kontrola ventila\r\n                <\/li>\r\n                <li style=\"margin-bottom: 10px; padding-left: 25px; position: relative;\">\r\n                    <span style=\"position: absolute; left: 0; color: #420DF2;\">\u2714<\/span> Istro\u0161eno posebno ulje\r\n                <\/li>\r\n            <\/ul>\r\n            <p style=\"font-weight: bold; color: #420DF2; margin-top: 15px; font-size: 14px;\">Uklju\u010duju\u0107i poliranje usponskih cijevi.<\/p>\r\n        <\/div>\r\n\r\n        <div style=\"padding: 40px; background-color: #fcfcfc;\">\r\n            <h2 style=\"color: #420DF2; text-transform: uppercase; font-size: 20px; margin-top: 0; margin-bottom: 20px; border-left: 4px solid #420DF2; padding-left: 15px;\">\r\n                \ud83c\udf00 Revizija DSS nosa\u010da\r\n            <\/h2>\r\n            <p style=\"font-size: 14px; color: #555;\">\r\n                Srce sustava \u010desto pati od unutarnjeg tro\u0161enja i habanja:\r\n            <\/p>\r\n            <ul style=\"list-style: none; padding: 0; font-size: 14px; color: #333;\">\r\n                <li style=\"margin-bottom: 10px; padding-left: 25px; position: relative;\">\r\n                    <span style=\"position: absolute; left: 0; color: #420DF2;\">\u2714<\/span> Potpuna preinaka hidrauli\u010dkog sustava\r\n                <\/li>\r\n                <li style=\"margin-bottom: 10px; padding-left: 25px; position: relative;\">\r\n                    <span style=\"position: absolute; left: 0; color: #420DF2;\">\u2714<\/span> Testiranje elektroni\u010dkih servomotor\u00e2\r\n                <\/li>\r\n                <li style=\"margin-bottom: 10px; padding-left: 25px; position: relative;\">\r\n                    <span style=\"position: absolute; left: 0; color: #420DF2;\">\u2714<\/span> Rekalibracija du\u0161ika\r\n                <\/li>\r\n            <\/ul>\r\n            <p style=\"font-weight: bold; color: #420DF2; margin-top: 15px; font-size: 14px;\">Ultrazvu\u010dno \u010di\u0161\u0107enje i funkcionalno testiranje.<\/p>\r\n        <\/div>\r\n    <\/div>\r\n\r\n    <div style=\"padding: 40px; border-bottom: 1px solid #eee;\">\r\n        <div style=\"border: 2px dashed #420DF2; padding: 30px; text-align: center;\">\r\n            <h3 style=\"color: #000; margin-top: 0; text-transform: uppercase; font-size: 18px;\">Nema potrebe za skupom zamjenom<\/h3>\r\n            <p style=\"font-size: 15px; color: #666; margin-bottom: 0;\">\r\n                Novi Ducati dijelovi \u010desto smanjuju trenutnu tr\u017ei\u0161nu vrijednost va\u0161eg motocikla. Na\u0161a obnova vra\u0107a <strong>puna izvedba<\/strong> obnovljeno \u2013 isplativo i u roku od nekoliko radnih dana.\r\n            <\/p>\r\n        <\/div>\r\n    <\/div>\r\n\r\n    <div style=\"background-color: #420DF2; padding: 50px 40px; text-align: center;\">\r\n        <h4 style=\"margin-top: 0; margin-bottom: 20px; color: #DFFF00; text-transform: uppercase; font-size: 16px;\">\r\n            Podr\u017eani modeli: Multistrada 1200 S \/ 1260 S \/ V4 S, Diavel 1260 S i mnogi drugi.\r\n        <\/h4>\r\n        <a href=\"#reparatur-filter\" style=\"display: inline-block; background-color: #DFFF00; color: #420DF2; padding: 18px 40px; text-decoration: none; font-weight: bold; text-transform: uppercase; font-size: 18px;\">\r\n            Odaberite model i zatra\u017eite uslugu \u2193\r\n        <\/a>\r\n    <\/div>\r\n\r\n<\/div>\t\t\t\t<\/div>\n\t\t\t\t<\/div>\n\t\t\t\t<div class=\"elementor-element elementor-element-7b382e1 elementor-widget elementor-widget-shortcode\" data-id=\"7b382e1\" data-element_type=\"widget\" data-e-type=\"widget\" data-widget_type=\"shortcode.default\">\n\t\t\t\t<div class=\"elementor-widget-container\">\n\t\t\t\t\t\t\t<div class=\"elementor-shortcode\">    <div class=\"moto-wrap\">\n      <div class=\"moto-card\" style=\"background:#ffecec;border-color:#ff4d4f;\">\n        <strong style=\"font-size:16px;\">\u26a0\ufe0f WICHTIG: Dies ist KEINE Anfrage!<\/strong><br><br>\n        Hier finden Sie unsere Preise <strong>und k\u00f6nnen einen Auftrag<\/strong> zur Reparatur Ihres Sto\u00dfd\u00e4mpfers erstellen.<br><br>\n        Bitte nur ausf\u00fcllen, wenn Sie den D\u00e4mpfer wirklich einsenden m\u00f6chten. Dies ist <strong>kein Kontaktformular<\/strong> und keine Preisanfrage.<br><br>\n        Bei Fragen nutzen Sie bitte unser <a href=\"https:\/\/moto-shock.de\/kontakt\/\" target=\"_blank\" rel=\"noopener\">Kontaktformular<\/a> oder lesen Sie die Informationen auf der Website.\n      <\/div>\n\n      <div class=\"moto-card\">\n        <div class=\"moto-row\" style=\"justify-content:space-between;align-items:flex-start\">\n          <div>\n            <div style=\"font-size:18px;font-weight:800;margin-bottom:6px\">Sto\u00dfd\u00e4mpfer-Service beauftragen<\/div>\n            <div class=\"moto-muted\">W\u00e4hle dein Motorrad und markiere die gew\u00fcnschten Leistungen. Danach wird ein verbindlicher Auftrag als PDF erzeugt, den du ausdruckst und ins Paket legst.<\/div>\n          <\/div>\n          <span class=\"moto-badge\">Moto-\u0161ok<\/span>\n        <\/div>\n        <div class=\"moto-hr\"><\/div>\n        <div class=\"moto-grid\">\n          <div><div class=\"moto-label\">Proizvo\u0111a\u010d<\/div><select class=\"moto-select\" data-moto=\"manufacturer\"><option value=\"\">U\u010ditavanje...<\/option><\/select><\/div>\n          <div><div class=\"moto-label\">Model<\/div><select class=\"moto-select\" data-moto=\"model\" disabled><option value=\"\">Molimo odaberite proizvo\u0111a\u010da<\/option><\/select><\/div>\n          <div><div class=\"moto-label\">Godina proizvodnje<\/div><select class=\"moto-select\" data-moto=\"year\" disabled><option value=\"\">Molimo odaberite model<\/option><\/select><\/div>\n        <\/div>\n        <div style=\"margin-top:10px\" class=\"moto-row\">\n          <div><div class=\"moto-label\">Elektroni\u010dki prigu\u0161iva\u010d<\/div><select class=\"moto-select\" data-moto=\"esa\" style=\"max-width:320px\"><option value=\"any\">Nisam siguran \/ nije va\u017eno<\/option><option value=\"no\">Ne<\/option><option value=\"yes\">Da<\/option><\/select><\/div>\n        <\/div>\n      <\/div>\n\n      <div class=\"moto-card\" style=\"background:#fffbe6;border-color:#ffe58f;\">\n        <strong>Napomena u vezi s cijenama:<\/strong><br>Die aufgef\u00fchrten Preise gelten ausschlie\u00dflich f\u00fcr die ausgew\u00e4hlten Leistungen. Zus\u00e4tzliche Arbeiten oder notwendige Ersatzteile werden vorab mit Ihnen abgestimmt.\n      <\/div>\n\n      <div class=\"moto-card\">\n        <div style=\"font-size:16px;font-weight:800;margin-bottom:6px\">Relevantne usluge<\/div>\n        <div data-moto=\"services\"><\/div>\n      <\/div>\n\n      <div class=\"moto-card\">\n        <div style=\"font-size:16px;font-weight:800;margin-bottom:6px\">Verbindlichen Auftrag erstellen (PDF)<\/div>\n        <div class=\"moto-card\" style=\"background:#fff3cd;border-color:#ffe58f;\">\n          <strong>Hinweis:<\/strong><br><br>\n          Mit Klick auf \u201eVerbindlichen Auftrag erstellen\u201c wird ein <strong>verbindlicher Auftrag<\/strong> erstellt.<br><br>\n          Das Formular ist <strong>keine Anfrage<\/strong> und ersetzt nicht das Kontaktformular. Wenn Sie unsicher sind, nutzen Sie bitte zuerst den Kontaktbereich der Website.\n        <\/div>\n\n        <div class=\"moto-grid\">\n          <div><div class=\"moto-label\">Prvo ime <span class=\"moto-req\">*<\/span><\/div><input class=\"moto-input\" data-moto=\"firstname\" type=\"text\" placeholder=\"Prvo ime\"><\/div>\n          <div><div class=\"moto-label\">Prezime <span class=\"moto-req\">*<\/span><\/div><input class=\"moto-input\" data-moto=\"lastname\" type=\"text\" placeholder=\"Prezime\"><\/div>\n          <div><div class=\"moto-label\">Tvrtka (neobavezno)<\/div><input class=\"moto-input\" data-moto=\"company\" type=\"text\" placeholder=\"Tvrtka\"><\/div>\n          <div>\n            <div class=\"moto-label\">Land <span class=\"moto-req\">*<\/span><\/div>\n            <select class=\"moto-select\" data-moto=\"country\">\n              <option value=\"\">Land w\u00e4hlen<\/option>\n              <option value=\"Deutschland\">Njema\u010dka<\/option>\n              <option value=\"\u00d6sterreich\">\u00d6sterreich<\/option>\n              <option value=\"Schweiz\">Schweiz<\/option>\n              <option value=\"Niederlande\">Niederlande<\/option>\n              <option value=\"Belgien\">Belgien<\/option>\n              <option value=\"Luxemburg\">Luxemburg<\/option>\n              <option value=\"Frankreich\">Frankreich<\/option>\n              <option value=\"Italien\">Italien<\/option>\n              <option value=\"D\u00e4nemark\">D\u00e4nemark<\/option>\n              <option value=\"Anderes Land\">Anderes Land<\/option>\n            <\/select>\n          <\/div>\n          <div><div class=\"moto-label\">Festnetz (optional)<\/div><input class=\"moto-input\" data-moto=\"landline\" type=\"text\" placeholder=\"z.B. 05451 ...\"><\/div>\n          <div><div class=\"moto-label\">Handy \/ WhatsApp (empfohlen)<\/div><input class=\"moto-input\" data-moto=\"phone\" type=\"text\" placeholder=\"npr. 0176 ...\"><\/div>\n          <div style=\"grid-column:1 \/ -1;background:#eefaf1;border:1px solid #b7ebc6;border-radius:12px;padding:12px\">\n            <strong>Hinweis:<\/strong> Die Kommunikation \u00fcber <strong>WhatsApp<\/strong> ist f\u00fcr uns am einfachsten und meistens am schnellsten. Eine Handynummer ist nicht verpflichtend, hilft uns aber sehr, R\u00fcckfragen schneller zu kl\u00e4ren und Ihren Auftrag z\u00fcgiger zu bearbeiten.\n          <\/div>\n          <div><div class=\"moto-label\">Ulica + ku\u0107ni broj <span class=\"moto-req\">*<\/span><\/div><input class=\"moto-input\" data-moto=\"street\" type=\"text\" placeholder=\"Ulica br.\"><\/div>\n          <div><div class=\"moto-label\">Po\u0161tanski broj <span class=\"moto-req\">*<\/span><\/div><input class=\"moto-input\" data-moto=\"zip\" type=\"text\" placeholder=\"Po\u0161tanski broj\"><\/div>\n          <div><div class=\"moto-label\">Lokacija <span class=\"moto-req\">*<\/span><\/div><input class=\"moto-input\" data-moto=\"city\" type=\"text\" placeholder=\"Lokacija\"><\/div>\n          <div><div class=\"moto-label\">E-po\u0161ta <span class=\"moto-req\">*<\/span><\/div><input class=\"moto-input\" data-moto=\"email\" type=\"email\" placeholder=\"name@mail.de\"><\/div>\n          <div><div class=\"moto-label\">Preferirani na\u010din komunikacije <span class=\"moto-req\">*<\/span><\/div><select class=\"moto-select\" data-moto=\"contactpref\"><option value=\"whatsapp\">WhatsApp (empfohlen)<\/option><option value=\"email\">E-po\u0161ta<\/option><\/select><\/div>\n          <div><div class=\"moto-label\">Te\u017eina voza\u010da (opcionalno)<\/div><input class=\"moto-input\" data-moto=\"weight\" type=\"text\" placeholder=\"npr. 95 kg uklju\u010duju\u0107i odje\u0107u\"><\/div>\n          <div style=\"grid-column:1 \/ -1\"><div class=\"moto-label\">Poruka za nas (opcionalno)<\/div><textarea class=\"moto-textarea\" data-moto=\"note\" placeholder=\"Kurze Mitteilung, falls n\u00f6tig...\"><\/textarea><\/div>\n        <\/div>\n\n        <div style=\"margin-top:10px\" class=\"moto-row\">\n          <label class=\"moto-row\" style=\"gap:8px\"><input type=\"checkbox\" data-moto=\"privacy\"><span>Imam <a href=\"https:\/\/motorrad-stossdaempfer-reparatur.de\/hr\/datenschutz\/\" target=\"_blank\" rel=\"noopener\">Pravila o privatnosti<\/a> Pro\u010ditao sam ih i prihva\u0107am ih. <span class=\"moto-req\">*<\/span><\/span><\/label>\n        <\/div>\n        <div style=\"margin-top:10px\" class=\"moto-row\">\n          <label class=\"moto-row\" style=\"gap:8px\"><input type=\"checkbox\" data-moto=\"orderconfirm\"><span>Ich best\u00e4tige, dass ich einen <strong>verbindlichen Auftrag<\/strong> erteile und keine Anfrage stelle. <span class=\"moto-req\">*<\/span><\/span><\/label>\n        <\/div>\n        <div style=\"margin-top:12px\" class=\"moto-row\">\n          <button class=\"moto-btn\" data-moto=\"makepdf\" type=\"button\">Verbindlichen Auftrag erstellen (PDF mit QR)<\/button>\n          <span class=\"moto-muted\">Kad ga jednom stvorite, gumb za preuzimanje \u0107e se odmah pojaviti.<\/span>\n        <\/div>\n        <div data-moto=\"result\" style=\"margin-top:12px\"><\/div>\n      <\/div>\n    <\/div>\n    <\/div>\n\t\t\t\t\t\t<\/div>\n\t\t\t\t<\/div>\n\t\t\t\t\t<\/div>\n\t\t\t\t<\/div>\n\t\t\t\t<\/div>","protected":false},"excerpt":{"rendered":"<p>Ducati Skyhook Service \/\/ Fahrwerks-Revision vom Profi Ducati Skyhook: Pr\u00e4zision &#038; Performance Das Ducati Skyhook Suspension (DSS) System von Sachs bietet \u00fcberragenden Komfort \u2013 bis es zu Fehlern kommt. Wir sind Ihr Spezialist f\u00fcr die Revision von Skyhook-Federbeinen und Gabeln. \ud83c\udf74 Skyhook Gabel-Service Die semi-aktive Sachs-Gabel verlangt nach h\u00f6chster Pr\u00e4zision. Wir beheben: \u2714 Undichte Simmerringe [&hellip;]<\/p>\n","protected":false},"author":4,"featured_media":0,"parent":0,"menu_order":0,"comment_status":"closed","ping_status":"closed","template":"","meta":{"inline_featured_image":false,"_monsterinsights_skip_tracking":false,"_monsterinsights_sitenote_active":false,"_monsterinsights_sitenote_note":"","_monsterinsights_sitenote_category":0,"footnotes":""},"class_list":["post-3029","page","type-page","status-publish","hentry"],"yoast_head":"<!-- This site is optimized with the Yoast SEO plugin v27.4 - https:\/\/yoast.com\/product\/yoast-seo-wordpress\/ -->\n<title>Ducati Skyhook Suspension - MOTORRAD STOSSD\u00c4MPFER REPARATUR<\/title>\n<meta name=\"robots\" content=\"index, follow, max-snippet:-1, max-image-preview:large, max-video-preview:-1\" \/>\n<link rel=\"canonical\" href=\"https:\/\/motorrad-stossdaempfer-reparatur.de\/hr\/ducati-skyhook-ovjes\/\" \/>\n<meta property=\"og:locale\" content=\"hr_HR\" \/>\n<meta property=\"og:type\" content=\"article\" \/>\n<meta property=\"og:title\" content=\"Ducati Skyhook Suspension - MOTORRAD STOSSD\u00c4MPFER REPARATUR\" \/>\n<meta property=\"og:description\" content=\"Ducati Skyhook Service \/\/ Fahrwerks-Revision vom Profi Ducati Skyhook: Pr\u00e4zision &#038; Performance Das Ducati Skyhook Suspension (DSS) System von Sachs bietet \u00fcberragenden Komfort \u2013 bis es zu Fehlern kommt. Wir sind Ihr Spezialist f\u00fcr die Revision von Skyhook-Federbeinen und Gabeln. \ud83c\udf74 Skyhook Gabel-Service Die semi-aktive Sachs-Gabel verlangt nach h\u00f6chster Pr\u00e4zision. Wir beheben: \u2714 Undichte Simmerringe [&hellip;]\" \/>\n<meta property=\"og:url\" content=\"https:\/\/motorrad-stossdaempfer-reparatur.de\/hr\/ducati-skyhook-ovjes\/\" \/>\n<meta property=\"og:site_name\" content=\"MOTORRAD STOSSD\u00c4MPFER REPARATUR\" \/>\n<meta property=\"article:modified_time\" content=\"2026-02-22T12:50:21+00:00\" \/>\n<meta name=\"twitter:card\" content=\"summary_large_image\" \/>\n<meta name=\"twitter:label1\" content=\"Procijenjeno vrijeme \u010ditanja\" \/>\n\t<meta name=\"twitter:data1\" content=\"1 minuta\" \/>\n<script type=\"application\/ld+json\" class=\"yoast-schema-graph\">{\"@context\":\"https:\\\/\\\/schema.org\",\"@graph\":[{\"@type\":\"WebPage\",\"@id\":\"https:\\\/\\\/motorrad-stossdaempfer-reparatur.de\\\/ducati-skyhook-suspension\\\/\",\"url\":\"https:\\\/\\\/motorrad-stossdaempfer-reparatur.de\\\/ducati-skyhook-suspension\\\/\",\"name\":\"Ducati Skyhook Suspension - MOTORRAD STOSSD\u00c4MPFER REPARATUR\",\"isPartOf\":{\"@id\":\"https:\\\/\\\/motorrad-stossdaempfer-reparatur.de\\\/#website\"},\"datePublished\":\"2026-02-19T12:01:23+00:00\",\"dateModified\":\"2026-02-22T12:50:21+00:00\",\"breadcrumb\":{\"@id\":\"https:\\\/\\\/motorrad-stossdaempfer-reparatur.de\\\/ducati-skyhook-suspension\\\/#breadcrumb\"},\"inLanguage\":\"hr\",\"potentialAction\":[{\"@type\":\"ReadAction\",\"target\":[\"https:\\\/\\\/motorrad-stossdaempfer-reparatur.de\\\/ducati-skyhook-suspension\\\/\"]}]},{\"@type\":\"BreadcrumbList\",\"@id\":\"https:\\\/\\\/motorrad-stossdaempfer-reparatur.de\\\/ducati-skyhook-suspension\\\/#breadcrumb\",\"itemListElement\":[{\"@type\":\"ListItem\",\"position\":1,\"name\":\"Startseite\",\"item\":\"https:\\\/\\\/motorrad-stossdaempfer-reparatur.de\\\/\"},{\"@type\":\"ListItem\",\"position\":2,\"name\":\"Ducati Skyhook Suspension\"}]},{\"@type\":\"WebSite\",\"@id\":\"https:\\\/\\\/motorrad-stossdaempfer-reparatur.de\\\/#website\",\"url\":\"https:\\\/\\\/motorrad-stossdaempfer-reparatur.de\\\/\",\"name\":\"MOTORRAD STOSSD\u00c4MPFER REPARATUR\",\"description\":\"Motorrad Ibbenb\u00fcren bietet Reparatur f\u00fcr deine Stossd\u00e4mpfer und Federbeine\",\"publisher\":{\"@id\":\"https:\\\/\\\/motorrad-stossdaempfer-reparatur.de\\\/#organization\"},\"potentialAction\":[{\"@type\":\"SearchAction\",\"target\":{\"@type\":\"EntryPoint\",\"urlTemplate\":\"https:\\\/\\\/motorrad-stossdaempfer-reparatur.de\\\/?s={search_term_string}\"},\"query-input\":{\"@type\":\"PropertyValueSpecification\",\"valueRequired\":true,\"valueName\":\"search_term_string\"}}],\"inLanguage\":\"hr\"},{\"@type\":\"Organization\",\"@id\":\"https:\\\/\\\/motorrad-stossdaempfer-reparatur.de\\\/#organization\",\"name\":\"MOTORRAD STOSSD\u00c4MPFER REPARATUR\",\"url\":\"https:\\\/\\\/motorrad-stossdaempfer-reparatur.de\\\/\",\"logo\":{\"@type\":\"ImageObject\",\"inLanguage\":\"hr\",\"@id\":\"https:\\\/\\\/motorrad-stossdaempfer-reparatur.de\\\/#\\\/schema\\\/logo\\\/image\\\/\",\"url\":\"https:\\\/\\\/motorrad-stossdaempfer-reparatur.de\\\/wp-content\\\/uploads\\\/2021\\\/04\\\/logo_motorrad-stossdaempfer-reparatur_700px.png\",\"contentUrl\":\"https:\\\/\\\/motorrad-stossdaempfer-reparatur.de\\\/wp-content\\\/uploads\\\/2021\\\/04\\\/logo_motorrad-stossdaempfer-reparatur_700px.png\",\"width\":700,\"height\":370,\"caption\":\"MOTORRAD STOSSD\u00c4MPFER REPARATUR\"},\"image\":{\"@id\":\"https:\\\/\\\/motorrad-stossdaempfer-reparatur.de\\\/#\\\/schema\\\/logo\\\/image\\\/\"}}]}<\/script>\n<!-- \/ Yoast SEO plugin. -->","yoast_head_json":{"title":"Ducati Skyhook ovjes - popravak amortizera za motocikle","robots":{"index":"index","follow":"follow","max-snippet":"max-snippet:-1","max-image-preview":"max-image-preview:large","max-video-preview":"max-video-preview:-1"},"canonical":"https:\/\/motorrad-stossdaempfer-reparatur.de\/hr\/ducati-skyhook-ovjes\/","og_locale":"hr_HR","og_type":"article","og_title":"Ducati Skyhook Suspension - MOTORRAD STOSSD\u00c4MPFER REPARATUR","og_description":"Ducati Skyhook Service \/\/ Fahrwerks-Revision vom Profi Ducati Skyhook: Pr\u00e4zision &#038; Performance Das Ducati Skyhook Suspension (DSS) System von Sachs bietet \u00fcberragenden Komfort \u2013 bis es zu Fehlern kommt. Wir sind Ihr Spezialist f\u00fcr die Revision von Skyhook-Federbeinen und Gabeln. \ud83c\udf74 Skyhook Gabel-Service Die semi-aktive Sachs-Gabel verlangt nach h\u00f6chster Pr\u00e4zision. Wir beheben: \u2714 Undichte Simmerringe [&hellip;]","og_url":"https:\/\/motorrad-stossdaempfer-reparatur.de\/hr\/ducati-skyhook-ovjes\/","og_site_name":"MOTORRAD STOSSD\u00c4MPFER REPARATUR","article_modified_time":"2026-02-22T12:50:21+00:00","twitter_card":"summary_large_image","twitter_misc":{"Procijenjeno vrijeme \u010ditanja":"1 minuta"},"schema":{"@context":"https:\/\/schema.org","@graph":[{"@type":"WebPage","@id":"https:\/\/motorrad-stossdaempfer-reparatur.de\/ducati-skyhook-suspension\/","url":"https:\/\/motorrad-stossdaempfer-reparatur.de\/ducati-skyhook-suspension\/","name":"Ducati Skyhook ovjes - popravak amortizera za motocikle","isPartOf":{"@id":"https:\/\/motorrad-stossdaempfer-reparatur.de\/#website"},"datePublished":"2026-02-19T12:01:23+00:00","dateModified":"2026-02-22T12:50:21+00:00","breadcrumb":{"@id":"https:\/\/motorrad-stossdaempfer-reparatur.de\/ducati-skyhook-suspension\/#breadcrumb"},"inLanguage":"hr","potentialAction":[{"@type":"ReadAction","target":["https:\/\/motorrad-stossdaempfer-reparatur.de\/ducati-skyhook-suspension\/"]}]},{"@type":"BreadcrumbList","@id":"https:\/\/motorrad-stossdaempfer-reparatur.de\/ducati-skyhook-suspension\/#breadcrumb","itemListElement":[{"@type":"ListItem","position":1,"name":"Startseite","item":"https:\/\/motorrad-stossdaempfer-reparatur.de\/"},{"@type":"ListItem","position":2,"name":"Ducati Skyhook Suspension"}]},{"@type":"WebSite","@id":"https:\/\/motorrad-stossdaempfer-reparatur.de\/#website","url":"https:\/\/motorrad-stossdaempfer-reparatur.de\/","name":"Popravak amortizera za motocikl","description":"Motorrad Ibbenb\u00fcren nudi usluge popravka va\u0161ih amortizera i opru\u017enih nogu.","publisher":{"@id":"https:\/\/motorrad-stossdaempfer-reparatur.de\/#organization"},"potentialAction":[{"@type":"SearchAction","target":{"@type":"EntryPoint","urlTemplate":"https:\/\/motorrad-stossdaempfer-reparatur.de\/?s={search_term_string}"},"query-input":{"@type":"PropertyValueSpecification","valueRequired":true,"valueName":"search_term_string"}}],"inLanguage":"hr"},{"@type":"Organization","@id":"https:\/\/motorrad-stossdaempfer-reparatur.de\/#organization","name":"Popravak amortizera za motocikl","url":"https:\/\/motorrad-stossdaempfer-reparatur.de\/","logo":{"@type":"ImageObject","inLanguage":"hr","@id":"https:\/\/motorrad-stossdaempfer-reparatur.de\/#\/schema\/logo\/image\/","url":"https:\/\/motorrad-stossdaempfer-reparatur.de\/wp-content\/uploads\/2021\/04\/logo_motorrad-stossdaempfer-reparatur_700px.png","contentUrl":"https:\/\/motorrad-stossdaempfer-reparatur.de\/wp-content\/uploads\/2021\/04\/logo_motorrad-stossdaempfer-reparatur_700px.png","width":700,"height":370,"caption":"MOTORRAD STOSSD\u00c4MPFER REPARATUR"},"image":{"@id":"https:\/\/motorrad-stossdaempfer-reparatur.de\/#\/schema\/logo\/image\/"}}]}},"_links":{"self":[{"href":"https:\/\/motorrad-stossdaempfer-reparatur.de\/hr\/wp-json\/wp\/v2\/pages\/3029","targetHints":{"allow":["GET"]}}],"collection":[{"href":"https:\/\/motorrad-stossdaempfer-reparatur.de\/hr\/wp-json\/wp\/v2\/pages"}],"about":[{"href":"https:\/\/motorrad-stossdaempfer-reparatur.de\/hr\/wp-json\/wp\/v2\/types\/page"}],"author":[{"embeddable":true,"href":"https:\/\/motorrad-stossdaempfer-reparatur.de\/hr\/wp-json\/wp\/v2\/users\/4"}],"replies":[{"embeddable":true,"href":"https:\/\/motorrad-stossdaempfer-reparatur.de\/hr\/wp-json\/wp\/v2\/comments?post=3029"}],"version-history":[{"count":7,"href":"https:\/\/motorrad-stossdaempfer-reparatur.de\/hr\/wp-json\/wp\/v2\/pages\/3029\/revisions"}],"predecessor-version":[{"id":3185,"href":"https:\/\/motorrad-stossdaempfer-reparatur.de\/hr\/wp-json\/wp\/v2\/pages\/3029\/revisions\/3185"}],"wp:attachment":[{"href":"https:\/\/motorrad-stossdaempfer-reparatur.de\/hr\/wp-json\/wp\/v2\/media?parent=3029"}],"curies":[{"name":"wp","href":"https:\/\/api.w.org\/{rel}","templated":true}]}}