{"id":3378,"date":"2026-03-12T15:52:42","date_gmt":"2026-03-12T14:52:42","guid":{"rendered":"https:\/\/motorrad-stossdaempfer-reparatur.de\/?page_id=3378"},"modified":"2026-03-12T16:07:30","modified_gmt":"2026-03-12T15:07:30","slug":"liste-de-controle-pour-lexpedition","status":"publish","type":"page","link":"https:\/\/motorrad-stossdaempfer-reparatur.de\/fr\/versand-checkliste\/","title":{"rendered":"Liste de contr\u00f4le pour l'envoi"},"content":{"rendered":"<div data-elementor-type=\"wp-page\" data-elementor-id=\"3378\" class=\"elementor elementor-3378\" data-elementor-post-type=\"page\">\n\t\t\t\t<div class=\"elementor-element elementor-element-a6400c7 e-flex e-con-boxed e-con e-parent\" data-id=\"a6400c7\" data-element_type=\"container\" data-e-type=\"container\">\n\t\t\t\t\t<div class=\"e-con-inner\">\n\t\t\t\t<div class=\"elementor-element elementor-element-dd1dfd8 elementor-widget elementor-widget-html\" data-id=\"dd1dfd8\" data-element_type=\"widget\" data-e-type=\"widget\" data-widget_type=\"html.default\">\n\t\t\t\t<div class=\"elementor-widget-container\">\n\t\t\t\t\t<div style=\"font-family: Arial, sans-serif; max-width: 900px; margin: 20px auto; color: #333; line-height: 1.6;\">\r\n\r\n    <div style=\"display: flex; align-items: flex-start; margin-bottom: 40px;\">\r\n        <div style=\"background: #420DF2; color: #DFFF00; width: 40px; height: 40px; border-radius: 50%; text-align: center; line-height: 40px; font-weight: bold; flex-shrink: 0; margin-right: 20px;\">1<\/div>\r\n        <div>\r\n            <h3 style=\"margin-top: 0; text-transform: uppercase;\">Pr\u00e9parer la commande<\/h3>\r\n            <p>Utilise notre configurateur ou la base de donn\u00e9es des v\u00e9los pour choisir ton mod\u00e8le. Imprime le formulaire de commande cr\u00e9\u00e9 et joins-le au paquet. Cela nous aide \u00e0 attribuer imm\u00e9diatement ton ch\u00e2ssis.<\/p>\r\n        <\/div>\r\n    <\/div>\r\n\r\n    <div style=\"display: flex; align-items: flex-start; margin-bottom: 40px;\">\r\n        <div style=\"background: #420DF2; color: #DFFF00; width: 40px; height: 40px; border-radius: 50%; text-align: center; line-height: 40px; font-weight: bold; flex-shrink: 0; margin-right: 20px;\">2<\/div>\r\n        <div style=\"flex-grow: 1;\">\r\n            <h3 style=\"margin-top: 0; text-transform: uppercase;\">Nettoyage grossier (Important !)<\/h3>\r\n            <p>Avant de mettre l'amortisseur dans le carton, veuillez le nettoyer bri\u00e8vement de la boue grossi\u00e8re et de la graisse de cha\u00eene. Cela permet de m\u00e9nager nos installations de nettoyage et de maintenir des co\u00fbts stables pour tous.<\/p>\r\n            \r\n            <div style=\"border: 2px solid #d32f2f; border-radius: 10px; overflow: hidden; background-color: #fff; margin-top: 20px;\">\r\n                <div style=\"background-color: #d32f2f; color: #fff; padding: 10px; text-align: center; font-weight: bold; font-size: 14px;\">\u26a0\ufe0f EXEMPLE N\u00c9GATIF : PAS COMME \u00c7A, S'IL VOUS PLA\u00ceT<\/div>\r\n                <div style=\"padding: 15px;\">\r\n                    <div style=\"display: flex; flex-wrap: wrap; gap: 10px; justify-content: center; margin-bottom: 15px;\">\r\n                        <img decoding=\"async\" src=\"https:\/\/motorrad-stossdaempfer-reparatur.de\/wp-content\/uploads\/2026\/03\/IMG_7728.webp\" style=\"width: calc(50% - 5px); min-width: 200px; border-radius: 5px; border: 1px solid #ccc;\">\r\n                        <img decoding=\"async\" src=\"https:\/\/motorrad-stossdaempfer-reparatur.de\/wp-content\/uploads\/2026\/03\/IMG_7727_1_.webp\" style=\"width: calc(50% - 5px); min-width: 200px; border-radius: 5px; border: 1px solid #ccc;\">\r\n                    <\/div>\r\n                    <p style=\"font-size: 14px; text-align: center; color: #d32f2f; font-weight: bold; margin: 0;\">\r\n                        En cas de livraison dans cet \u00e9tat, nous devons facturer 25,- \u20ac de frais de nettoyage.\r\n                    <\/p>\r\n                <\/div>\r\n            <\/div>\r\n        <\/div>\r\n    <\/div>\r\n\r\n    <div style=\"display: flex; align-items: flex-start; margin-bottom: 40px;\">\r\n        <div style=\"background: #420DF2; color: #DFFF00; width: 40px; height: 40px; border-radius: 50%; text-align: center; line-height: 40px; font-weight: bold; flex-shrink: 0; margin-right: 20px;\">3<\/div>\r\n        <div>\r\n            <h3 style=\"margin-top: 0; text-transform: uppercase;\">Emballer et exp\u00e9dier en toute s\u00e9curit\u00e9<\/h3>\r\n            <p>Enveloppe l'amortisseur dans un mat\u00e9riau de rembourrage suffisant (film \u00e0 bulles ou carton \u00e9pais). Veille \u00e0 ce que le carton soit suffisamment solide pour supporter le poids. Les cartons d'Amazon ne sont absolument pas adapt\u00e9s !<\/p>\r\n            \r\n            <\/p>\r\n        <\/div>\r\n    <\/div>\r\n\r\n<\/div>\t\t\t\t<\/div>\n\t\t\t\t<\/div>\n\t\t\t\t\t<\/div>\n\t\t\t\t<\/div>\n\t\t\t\t<\/div>","protected":false},"excerpt":{"rendered":"<p>1 Auftrag vorbereiten Nutze unseren Konfigurator oder die Bike-Datenbank, um dein Modell auszuw\u00e4hlen. Drucke das erstellte Auftragsformular aus und lege es dem Paket bei. Das hilft uns, dein Fahrwerk sofort zuzuordnen. 2 Grob-Reinigung (Wichtig!) Bevor du den D\u00e4mpfer in den Karton legst, befreie ihn bitte kurz von grobem Schlamm und Kettenfett. Das schont unsere Reinigungsanlagen [&hellip;]<\/p>\n","protected":false},"author":4,"featured_media":0,"parent":0,"menu_order":0,"comment_status":"closed","ping_status":"closed","template":"","meta":{"inline_featured_image":false,"_monsterinsights_skip_tracking":false,"_monsterinsights_sitenote_active":false,"_monsterinsights_sitenote_note":"","_monsterinsights_sitenote_category":0,"footnotes":""},"class_list":["post-3378","page","type-page","status-publish","hentry"],"yoast_head":"<!-- This site is optimized with the Yoast SEO plugin v27.4 - https:\/\/yoast.com\/product\/yoast-seo-wordpress\/ -->\n<title>Versand-Checkliste - MOTORRAD STOSSD\u00c4MPFER REPARATUR<\/title>\n<meta name=\"robots\" content=\"index, follow, max-snippet:-1, max-image-preview:large, max-video-preview:-1\" \/>\n<link rel=\"canonical\" href=\"https:\/\/motorrad-stossdaempfer-reparatur.de\/fr\/liste-de-controle-pour-lexpedition\/\" \/>\n<meta property=\"og:locale\" content=\"fr_FR\" \/>\n<meta property=\"og:type\" content=\"article\" \/>\n<meta property=\"og:title\" content=\"Versand-Checkliste - MOTORRAD STOSSD\u00c4MPFER REPARATUR\" \/>\n<meta property=\"og:description\" content=\"1 Auftrag vorbereiten Nutze unseren Konfigurator oder die Bike-Datenbank, um dein Modell auszuw\u00e4hlen. Drucke das erstellte Auftragsformular aus und lege es dem Paket bei. Das hilft uns, dein Fahrwerk sofort zuzuordnen. 2 Grob-Reinigung (Wichtig!) Bevor du den D\u00e4mpfer in den Karton legst, befreie ihn bitte kurz von grobem Schlamm und Kettenfett. Das schont unsere Reinigungsanlagen [&hellip;]\" \/>\n<meta property=\"og:url\" content=\"https:\/\/motorrad-stossdaempfer-reparatur.de\/fr\/liste-de-controle-pour-lexpedition\/\" \/>\n<meta property=\"og:site_name\" content=\"MOTORRAD STOSSD\u00c4MPFER REPARATUR\" \/>\n<meta property=\"article:modified_time\" content=\"2026-03-12T15:07:30+00:00\" \/>\n<meta property=\"og:image\" content=\"https:\/\/motorrad-stossdaempfer-reparatur.de\/wp-content\/uploads\/2026\/03\/IMG_7728.webp\" \/>\n<meta name=\"twitter:card\" content=\"summary_large_image\" \/>\n<meta name=\"twitter:label1\" content=\"Dur\u00e9e de lecture estim\u00e9e\" \/>\n\t<meta name=\"twitter:data1\" content=\"2 minutes\" \/>\n<script type=\"application\/ld+json\" class=\"yoast-schema-graph\">{\"@context\":\"https:\\\/\\\/schema.org\",\"@graph\":[{\"@type\":\"WebPage\",\"@id\":\"https:\\\/\\\/motorrad-stossdaempfer-reparatur.de\\\/versand-checkliste\\\/\",\"url\":\"https:\\\/\\\/motorrad-stossdaempfer-reparatur.de\\\/versand-checkliste\\\/\",\"name\":\"Versand-Checkliste - MOTORRAD STOSSD\u00c4MPFER REPARATUR\",\"isPartOf\":{\"@id\":\"https:\\\/\\\/motorrad-stossdaempfer-reparatur.de\\\/#website\"},\"primaryImageOfPage\":{\"@id\":\"https:\\\/\\\/motorrad-stossdaempfer-reparatur.de\\\/versand-checkliste\\\/#primaryimage\"},\"image\":{\"@id\":\"https:\\\/\\\/motorrad-stossdaempfer-reparatur.de\\\/versand-checkliste\\\/#primaryimage\"},\"thumbnailUrl\":\"https:\\\/\\\/motorrad-stossdaempfer-reparatur.de\\\/wp-content\\\/uploads\\\/2026\\\/03\\\/IMG_7728.webp\",\"datePublished\":\"2026-03-12T14:52:42+00:00\",\"dateModified\":\"2026-03-12T15:07:30+00:00\",\"breadcrumb\":{\"@id\":\"https:\\\/\\\/motorrad-stossdaempfer-reparatur.de\\\/versand-checkliste\\\/#breadcrumb\"},\"inLanguage\":\"fr-FR\",\"potentialAction\":[{\"@type\":\"ReadAction\",\"target\":[\"https:\\\/\\\/motorrad-stossdaempfer-reparatur.de\\\/versand-checkliste\\\/\"]}]},{\"@type\":\"ImageObject\",\"inLanguage\":\"fr-FR\",\"@id\":\"https:\\\/\\\/motorrad-stossdaempfer-reparatur.de\\\/versand-checkliste\\\/#primaryimage\",\"url\":\"https:\\\/\\\/motorrad-stossdaempfer-reparatur.de\\\/wp-content\\\/uploads\\\/2026\\\/03\\\/IMG_7728.webp\",\"contentUrl\":\"https:\\\/\\\/motorrad-stossdaempfer-reparatur.de\\\/wp-content\\\/uploads\\\/2026\\\/03\\\/IMG_7728.webp\"},{\"@type\":\"BreadcrumbList\",\"@id\":\"https:\\\/\\\/motorrad-stossdaempfer-reparatur.de\\\/versand-checkliste\\\/#breadcrumb\",\"itemListElement\":[{\"@type\":\"ListItem\",\"position\":1,\"name\":\"Startseite\",\"item\":\"https:\\\/\\\/motorrad-stossdaempfer-reparatur.de\\\/\"},{\"@type\":\"ListItem\",\"position\":2,\"name\":\"Versand-Checkliste\"}]},{\"@type\":\"WebSite\",\"@id\":\"https:\\\/\\\/motorrad-stossdaempfer-reparatur.de\\\/#website\",\"url\":\"https:\\\/\\\/motorrad-stossdaempfer-reparatur.de\\\/\",\"name\":\"MOTORRAD STOSSD\u00c4MPFER REPARATUR\",\"description\":\"Motorrad Ibbenb\u00fcren bietet Reparatur f\u00fcr deine Stossd\u00e4mpfer und Federbeine\",\"publisher\":{\"@id\":\"https:\\\/\\\/motorrad-stossdaempfer-reparatur.de\\\/#organization\"},\"potentialAction\":[{\"@type\":\"SearchAction\",\"target\":{\"@type\":\"EntryPoint\",\"urlTemplate\":\"https:\\\/\\\/motorrad-stossdaempfer-reparatur.de\\\/?s={search_term_string}\"},\"query-input\":{\"@type\":\"PropertyValueSpecification\",\"valueRequired\":true,\"valueName\":\"search_term_string\"}}],\"inLanguage\":\"fr-FR\"},{\"@type\":\"Organization\",\"@id\":\"https:\\\/\\\/motorrad-stossdaempfer-reparatur.de\\\/#organization\",\"name\":\"MOTORRAD STOSSD\u00c4MPFER REPARATUR\",\"url\":\"https:\\\/\\\/motorrad-stossdaempfer-reparatur.de\\\/\",\"logo\":{\"@type\":\"ImageObject\",\"inLanguage\":\"fr-FR\",\"@id\":\"https:\\\/\\\/motorrad-stossdaempfer-reparatur.de\\\/#\\\/schema\\\/logo\\\/image\\\/\",\"url\":\"https:\\\/\\\/motorrad-stossdaempfer-reparatur.de\\\/wp-content\\\/uploads\\\/2021\\\/04\\\/logo_motorrad-stossdaempfer-reparatur_700px.png\",\"contentUrl\":\"https:\\\/\\\/motorrad-stossdaempfer-reparatur.de\\\/wp-content\\\/uploads\\\/2021\\\/04\\\/logo_motorrad-stossdaempfer-reparatur_700px.png\",\"width\":700,\"height\":370,\"caption\":\"MOTORRAD STOSSD\u00c4MPFER REPARATUR\"},\"image\":{\"@id\":\"https:\\\/\\\/motorrad-stossdaempfer-reparatur.de\\\/#\\\/schema\\\/logo\\\/image\\\/\"}}]}<\/script>\n<!-- \/ Yoast SEO plugin. -->","yoast_head_json":{"title":"Liste de contr\u00f4le pour l'exp\u00e9dition - R\u00c9PARATION DE BOUCHONS DE MOTOCYCLE","robots":{"index":"index","follow":"follow","max-snippet":"max-snippet:-1","max-image-preview":"max-image-preview:large","max-video-preview":"max-video-preview:-1"},"canonical":"https:\/\/motorrad-stossdaempfer-reparatur.de\/fr\/liste-de-controle-pour-lexpedition\/","og_locale":"fr_FR","og_type":"article","og_title":"Versand-Checkliste - MOTORRAD STOSSD\u00c4MPFER REPARATUR","og_description":"1 Auftrag vorbereiten Nutze unseren Konfigurator oder die Bike-Datenbank, um dein Modell auszuw\u00e4hlen. Drucke das erstellte Auftragsformular aus und lege es dem Paket bei. Das hilft uns, dein Fahrwerk sofort zuzuordnen. 2 Grob-Reinigung (Wichtig!) Bevor du den D\u00e4mpfer in den Karton legst, befreie ihn bitte kurz von grobem Schlamm und Kettenfett. Das schont unsere Reinigungsanlagen [&hellip;]","og_url":"https:\/\/motorrad-stossdaempfer-reparatur.de\/fr\/liste-de-controle-pour-lexpedition\/","og_site_name":"MOTORRAD STOSSD\u00c4MPFER REPARATUR","article_modified_time":"2026-03-12T15:07:30+00:00","og_image":[{"url":"https:\/\/motorrad-stossdaempfer-reparatur.de\/wp-content\/uploads\/2026\/03\/IMG_7728.webp","type":"","width":"","height":""}],"twitter_card":"summary_large_image","twitter_misc":{"Dur\u00e9e de lecture estim\u00e9e":"2 minutes"},"schema":{"@context":"https:\/\/schema.org","@graph":[{"@type":"WebPage","@id":"https:\/\/motorrad-stossdaempfer-reparatur.de\/versand-checkliste\/","url":"https:\/\/motorrad-stossdaempfer-reparatur.de\/versand-checkliste\/","name":"Liste de contr\u00f4le pour l'exp\u00e9dition - R\u00c9PARATION DE BOUCHONS DE MOTOCYCLE","isPartOf":{"@id":"https:\/\/motorrad-stossdaempfer-reparatur.de\/#website"},"primaryImageOfPage":{"@id":"https:\/\/motorrad-stossdaempfer-reparatur.de\/versand-checkliste\/#primaryimage"},"image":{"@id":"https:\/\/motorrad-stossdaempfer-reparatur.de\/versand-checkliste\/#primaryimage"},"thumbnailUrl":"https:\/\/motorrad-stossdaempfer-reparatur.de\/wp-content\/uploads\/2026\/03\/IMG_7728.webp","datePublished":"2026-03-12T14:52:42+00:00","dateModified":"2026-03-12T15:07:30+00:00","breadcrumb":{"@id":"https:\/\/motorrad-stossdaempfer-reparatur.de\/versand-checkliste\/#breadcrumb"},"inLanguage":"fr-FR","potentialAction":[{"@type":"ReadAction","target":["https:\/\/motorrad-stossdaempfer-reparatur.de\/versand-checkliste\/"]}]},{"@type":"ImageObject","inLanguage":"fr-FR","@id":"https:\/\/motorrad-stossdaempfer-reparatur.de\/versand-checkliste\/#primaryimage","url":"https:\/\/motorrad-stossdaempfer-reparatur.de\/wp-content\/uploads\/2026\/03\/IMG_7728.webp","contentUrl":"https:\/\/motorrad-stossdaempfer-reparatur.de\/wp-content\/uploads\/2026\/03\/IMG_7728.webp"},{"@type":"BreadcrumbList","@id":"https:\/\/motorrad-stossdaempfer-reparatur.de\/versand-checkliste\/#breadcrumb","itemListElement":[{"@type":"ListItem","position":1,"name":"Startseite","item":"https:\/\/motorrad-stossdaempfer-reparatur.de\/"},{"@type":"ListItem","position":2,"name":"Versand-Checkliste"}]},{"@type":"WebSite","@id":"https:\/\/motorrad-stossdaempfer-reparatur.de\/#website","url":"https:\/\/motorrad-stossdaempfer-reparatur.de\/","name":"R\u00c9PARATION D'AMORTISSEURS DE MOTO","description":"Motorrad Ibbenb\u00fcren propose la r\u00e9paration de tes amortisseurs et jambes de suspension","publisher":{"@id":"https:\/\/motorrad-stossdaempfer-reparatur.de\/#organization"},"potentialAction":[{"@type":"SearchAction","target":{"@type":"EntryPoint","urlTemplate":"https:\/\/motorrad-stossdaempfer-reparatur.de\/?s={search_term_string}"},"query-input":{"@type":"PropertyValueSpecification","valueRequired":true,"valueName":"search_term_string"}}],"inLanguage":"fr-FR"},{"@type":"Organization","@id":"https:\/\/motorrad-stossdaempfer-reparatur.de\/#organization","name":"R\u00c9PARATION D'AMORTISSEURS DE MOTO","url":"https:\/\/motorrad-stossdaempfer-reparatur.de\/","logo":{"@type":"ImageObject","inLanguage":"fr-FR","@id":"https:\/\/motorrad-stossdaempfer-reparatur.de\/#\/schema\/logo\/image\/","url":"https:\/\/motorrad-stossdaempfer-reparatur.de\/wp-content\/uploads\/2021\/04\/logo_motorrad-stossdaempfer-reparatur_700px.png","contentUrl":"https:\/\/motorrad-stossdaempfer-reparatur.de\/wp-content\/uploads\/2021\/04\/logo_motorrad-stossdaempfer-reparatur_700px.png","width":700,"height":370,"caption":"MOTORRAD STOSSD\u00c4MPFER REPARATUR"},"image":{"@id":"https:\/\/motorrad-stossdaempfer-reparatur.de\/#\/schema\/logo\/image\/"}}]}},"_links":{"self":[{"href":"https:\/\/motorrad-stossdaempfer-reparatur.de\/fr\/wp-json\/wp\/v2\/pages\/3378","targetHints":{"allow":["GET"]}}],"collection":[{"href":"https:\/\/motorrad-stossdaempfer-reparatur.de\/fr\/wp-json\/wp\/v2\/pages"}],"about":[{"href":"https:\/\/motorrad-stossdaempfer-reparatur.de\/fr\/wp-json\/wp\/v2\/types\/page"}],"author":[{"embeddable":true,"href":"https:\/\/motorrad-stossdaempfer-reparatur.de\/fr\/wp-json\/wp\/v2\/users\/4"}],"replies":[{"embeddable":true,"href":"https:\/\/motorrad-stossdaempfer-reparatur.de\/fr\/wp-json\/wp\/v2\/comments?post=3378"}],"version-history":[{"count":7,"href":"https:\/\/motorrad-stossdaempfer-reparatur.de\/fr\/wp-json\/wp\/v2\/pages\/3378\/revisions"}],"predecessor-version":[{"id":3388,"href":"https:\/\/motorrad-stossdaempfer-reparatur.de\/fr\/wp-json\/wp\/v2\/pages\/3378\/revisions\/3388"}],"wp:attachment":[{"href":"https:\/\/motorrad-stossdaempfer-reparatur.de\/fr\/wp-json\/wp\/v2\/media?parent=3378"}],"curies":[{"name":"wp","href":"https:\/\/api.w.org\/{rel}","templated":true}]}}