{"id":3041,"date":"2026-02-19T13:10:48","date_gmt":"2026-02-19T12:10:48","guid":{"rendered":"https:\/\/motorrad-stossdaempfer-reparatur.de\/?page_id=3041"},"modified":"2026-02-19T13:11:57","modified_gmt":"2026-02-19T12:11:57","slug":"triumph-semi-active-suspension-tsas","status":"publish","type":"page","link":"https:\/\/motorrad-stossdaempfer-reparatur.de\/fr\/triumph-semi-active-suspension-tsas\/","title":{"rendered":"Suspension semi-active Triumph (TSAS)"},"content":{"rendered":"<div data-elementor-type=\"wp-page\" data-elementor-id=\"3041\" class=\"elementor elementor-3041\" data-elementor-post-type=\"page\">\n\t\t\t\t<div class=\"elementor-element elementor-element-0d72860 e-flex e-con-boxed e-con e-parent\" data-id=\"0d72860\" data-element_type=\"container\" data-e-type=\"container\">\n\t\t\t\t\t<div class=\"e-con-inner\">\n\t\t\t\t<div class=\"elementor-element elementor-element-e095105 elementor-widget elementor-widget-html\" data-id=\"e095105\" data-element_type=\"widget\" data-e-type=\"widget\" data-widget_type=\"html.default\">\n\t\t\t\t<div class=\"elementor-widget-container\">\n\t\t\t\t\t<div style=\"font-family: 'Segoe UI', Roboto, Arial, sans-serif; max-width: 900px; margin: 0 auto; color: #333; line-height: 1.6; padding: 20px;\">\r\n\r\n    <div style=\"text-align: center; padding: 40px 20px; background: #fff; border: 1px solid #eee; border-radius: 15px; box-shadow: 0 10px 30px rgba(0,0,0,0.05); margin-bottom: 40px;\">\r\n        <h1 style=\"color: #420DF2; text-transform: uppercase; font-size: 28px; letter-spacing: 1px; margin-bottom: 15px;\">\r\n            R\u00e9paration de la suspension semi-active Triumph (TSAS)\r\n        <\/h1>\r\n        <p style=\"font-size: 18px; color: #555; max-width: 700px; margin: 0 auto;\">\r\n            Que ce soit <strong>Tiger 1200<\/strong> ou <strong>Speed Triple<\/strong> - le ch\u00e2ssis semi-actif de Triumph assure une souverainet\u00e9 maximale.\r\n            Nous vous proposons le service d'experts pour la remise en \u00e9tat de votre syst\u00e8me \u00e9lectronique WP\/Triumph.\r\n        <\/p>\r\n    <\/div>\r\n\r\n    <div style=\"display: flex; flex-wrap: wrap; gap: 20px; margin-bottom: 50px;\">\r\n        <div style=\"flex: 1; min-width: 300px; background: #fff; padding: 25px; border-radius: 12px; border-top: 5px solid #420DF2; box-shadow: 0 4px 15px rgba(0,0,0,0.05);\">\r\n            <h2 style=\"color: #420DF2; font-size: 20px; margin-top: 0;\">\ud83c\udf00 TSAS R\u00e9vision de la jambe de suspension<\/h2>\r\n            <p style=\"font-size: 14px; color: #555;\">\r\n                L'arri\u00e8re \u00e0 r\u00e9gulation \u00e9lectronique des mod\u00e8les Tiger est construit pour les longs voyages. En cas de panne, nous apportons notre aide :\r\n            <\/p>\r\n            <ul style=\"padding-left: 18px; font-size: 14px; color: #555;\">\r\n                <li style=\"margin-bottom: 5px;\">Etanch\u00e9it\u00e9 totale en cas de fuite d'huile.<\/li>\r\n                <li style=\"margin-bottom: 5px;\">Remise en \u00e9tat des unit\u00e9s de vannes \u00e9lectroniques.<\/li>\r\n                <li style=\"margin-bottom: 5px;\">Remplissage sous vide pour un comportement d'amortissement pr\u00e9cis.<\/li>\r\n                <li>Test de fonctionnement de la d\u00e9tection de charge &amp; de la pr\u00e9charge du ressort.<\/li>\r\n            <\/ul>\r\n        <\/div>\r\n        \r\n        <div style=\"flex: 1; min-width: 300px; background: #fff; padding: 25px; border-radius: 12px; border-top: 5px solid #420DF2; box-shadow: 0 4px 15px rgba(0,0,0,0.05);\">\r\n            <h2 style=\"color: #420DF2; font-size: 20px; margin-top: 0;\">\ud83c\udf74 Service de fourche (semi-actif)<\/h2>\r\n            <p style=\"font-size: 14px; color: #555;\">\r\n                Une r\u00e9ponse sensible est une obligation chez Triumph. Notre service pour l'avant :\r\n            <\/p>\r\n            <ul style=\"padding-left: 18px; font-size: 14px; color: #555;\">\r\n                <li style=\"margin-bottom: 5px;\">Remplacement des bagues Simmerring &amp; nettoyage professionnel.<\/li>\r\n                <li style=\"margin-bottom: 5px;\">Calibrage des niveaux d'amortissement \u00e9lectronique.<\/li>\r\n                <li>Utilisation d'une huile d'amortissement haut de gamme pour r\u00e9duire les frottements.<\/li>\r\n            <\/ul>\r\n            <p style=\"font-weight: bold; color: #420DF2; margin-top: 15px;\">\u2794 Obtenir toutes les fonctionnalit\u00e9s de l'\u00e9lectronique embarqu\u00e9e.<\/p>\r\n        <\/div>\r\n    <\/div>\r\n\r\n    <div style=\"background: #f9f9f9; padding: 30px; border-radius: 12px; text-align: center; margin-bottom: 40px; border: 1px dashed #420DF2;\">\r\n        <h3 style=\"color: #333; margin-top: 0;\">S\u00e9curit\u00e9 et confort sans compromis<\/h3>\r\n        <p style=\"font-size: 15px; color: #666;\">\r\n            Des messages d'erreur dans le cockpit de votre Triumph Tiger peuvent rapidement mettre fin \u00e0 votre voyage.\r\n            Au lieu d'un nouvel achat co\u00fbteux chez le concessionnaire, nous proposons la <strong>une remise en \u00e9tat durable<\/strong> de votre ch\u00e2ssis d'origine.\r\n            Rapide, fiable et ex\u00e9cut\u00e9 de main de ma\u00eetre.\r\n        <\/p>\r\n    <\/div>\r\n\r\n    <div style=\"text-align: center; font-size: 14px; color: #888;\">\r\n        <h4 style=\"margin-bottom: 5px; color: #420DF2;\">Mod\u00e8les pris en charge :<\/h4>\r\n        <p>\r\n            Triumph Tiger 1200 Explorer (Explorer\/XCA\/XRT) | Tiger 900 Rally Pro | Speed Triple 1200 RR\r\n        <\/p>\r\n        <div style=\"margin-top: 25px;\">\r\n            <a href=\"#modellwahl\" style=\"display: inline-block; background: #420DF2; color: #fff; padding: 12px 30px; text-decoration: none; border-radius: 5px; font-weight: bold;\">DEMANDER LE SERVICE TRIUMPH<\/a>\r\n        <\/div>\r\n    <\/div>\r\n\r\n<\/div>\t\t\t\t<\/div>\n\t\t\t\t<\/div>\n\t\t\t\t<div class=\"elementor-element elementor-element-41d9409 elementor-widget elementor-widget-shortcode\" data-id=\"41d9409\" data-element_type=\"widget\" data-e-type=\"widget\" data-widget_type=\"shortcode.default\">\n\t\t\t\t<div class=\"elementor-widget-container\">\n\t\t\t\t\t\t\t<div class=\"elementor-shortcode\">    <div class=\"moto-wrap\">\n      <div class=\"moto-card\" style=\"background:#ffecec;border-color:#ff4d4f;\">\n        <strong style=\"font-size:16px;\"><div style=\"background-color: #f9f9f9; border-left: 5px solid #005da8; padding: 20px; font-family: sans-serif; line-height: 1.5; color: #333; border-radius: 4px;\">\n    <h3 style=\"margin-top: 0; color: #005da8; display: flex; align-items: center;\">\n        <span style=\"margin-right: 10px;\">\ud83d\udee0\ufe0f<\/span> So findest du deinen Preis &amp; erteilst uns den Auftrag\n    <\/h3>\n    \n    <p>In diesem Formular kannst du ganz einfach dein Motorrad ausw\u00e4hlen und siehst sofort die passenden <strong>Preise und Optionen<\/strong> f\u00fcr deinen Service.<\/p>\n    \n    <p style=\"margin-bottom: 5px;\"><strong>Bitte beachte dabei:<\/strong><\/p>\n    <ul style=\"margin-top: 0; padding-left: 20px;\">\n        <li style=\"margin-bottom: 8px;\">\n            <strong>Preise checken:<\/strong> Nutze das Formular gerne unverbindlich, um dir einen \u00dcberblick \u00fcber die Kosten zu verschaffen.\n        <\/li>\n        <li style=\"margin-bottom: 8px;\">\n            <strong>Auftrag erteilen:<\/strong> Erst wenn du das Formular ganz am Ende abschickst, erstellst du einen <strong>festen Reparaturauftrag<\/strong>. Bitte sende uns den D\u00e4mpfer dann auch zeitnah zu.\n        <\/li>\n        <li style=\"margin-bottom: 8px;\">\n            <strong>Keine reine Anfrage:<\/strong> Dies ist kein klassisches Kontaktformular. Wenn du erst einmal nur eine allgemeine technische Frage hast oder eine individuelle Beratung brauchst, nutze bitte unser \n            <a href=\"https:\/\/moto-shock.de\/kontakt\/\" style=\"color: #005da8; text-decoration: underline; font-weight: bold;\">Kontaktformular<\/a> \n            oder lies die Informationen auf unserer Website.\n        <\/li>\n    <\/ul>\n    \n    <p style=\"margin-bottom: 0; font-weight: bold; color: #005da8;\">Alles klar? Dann w\u00e4hle jetzt dein Bike aus und leg los!<\/p>\n<\/div>\n      <\/div>\n\n      <div class=\"moto-card\">\n        <div class=\"moto-row\" style=\"justify-content:space-between;align-items:flex-start\">\n          <div>\n            <div style=\"font-size:18px;font-weight:800;margin-bottom:6px\">Sto\u00dfd\u00e4mpfer-Service beauftragen<\/div>\n            <div class=\"moto-muted\">W\u00e4hle dein Motorrad und markiere die gew\u00fcnschten Leistungen. Danach wird ein verbindlicher Auftrag als PDF erzeugt, den du ausdruckst und ins Paket legst.<\/div>\n          <\/div>\n          <span class=\"moto-badge\">Moto-Shock<\/span>\n        <\/div>\n        <div class=\"moto-hr\"><\/div>\n        <div class=\"moto-grid\">\n          <div><div class=\"moto-label\">Constructeur<\/div><select class=\"moto-select\" data-moto=\"manufacturer\"><option value=\"\">Chargement...<\/option><\/select><\/div>\n          <div><div class=\"moto-label\">Mod\u00e8le<\/div><select class=\"moto-select\" data-moto=\"model\" disabled><option value=\"\">Veuillez choisir le fabricant<\/option><\/select><\/div>\n          <div><div class=\"moto-label\">Ann\u00e9e de fabrication<\/div><select class=\"moto-select\" data-moto=\"year\" disabled><option value=\"\">Veuillez choisir un mod\u00e8le<\/option><\/select><\/div>\n        <\/div>\n        <div style=\"margin-top:10px\" class=\"moto-row\">\n          <div><div class=\"moto-label\">Amortisseur \u00e9lectronique<\/div><select class=\"moto-select\" data-moto=\"esa\" style=\"max-width:320px\"><option value=\"any\">Pas s\u00fbr \/ indiff\u00e9rent<\/option><option value=\"no\">Non<\/option><option value=\"yes\">Oui<\/option><\/select><\/div>\n        <\/div>\n      <\/div>\n\n      <div class=\"moto-card\" style=\"background:#fffbe6;border-color:#ffe58f;\">\n        <strong>Remarque concernant les tarifs:<\/strong><br>Die aufgef\u00fchrten Preise gelten ausschlie\u00dflich f\u00fcr die ausgew\u00e4hlten Leistungen. Zus\u00e4tzliche Arbeiten oder notwendige Ersatzteile werden vorab mit Ihnen abgestimmt.\n      <\/div>\n\n      <div class=\"moto-card\">\n        <div style=\"font-size:16px;font-weight:800;margin-bottom:6px\">Prestations correspondantes<\/div>\n        <div data-moto=\"services\"><\/div>\n      <\/div>\n\n      <div class=\"moto-card\">\n        <div style=\"font-size:16px;font-weight:800;margin-bottom:6px\">Verbindlichen Auftrag erstellen (PDF)<\/div>\n        <div class=\"moto-card\" style=\"background:#fff3cd;border-color:#ffe58f;\">\n          <strong>Hinweis:<\/strong><br><br>\n          Mit Klick auf \u201eVerbindlichen Auftrag erstellen\u201c wird ein <strong>verbindlicher Auftrag<\/strong> erstellt.<br><br>\n          Das Formular ist <strong>keine Anfrage<\/strong> und ersetzt nicht das Kontaktformular. Wenn Sie unsicher sind, nutzen Sie bitte zuerst den Kontaktbereich der Website.\n        <\/div>\n\n        <div class=\"moto-grid\">\n          <div><div class=\"moto-label\">Pr\u00e9nom <span class=\"moto-req\">*<\/span><\/div><input class=\"moto-input\" data-moto=\"firstname\" type=\"text\" placeholder=\"Pr\u00e9nom\"><\/div>\n          <div><div class=\"moto-label\">Nom de famille <span class=\"moto-req\">*<\/span><\/div><input class=\"moto-input\" data-moto=\"lastname\" type=\"text\" placeholder=\"Nom de famille\"><\/div>\n          <div><div class=\"moto-label\">Soci\u00e9t\u00e9 (facultatif)<\/div><input class=\"moto-input\" data-moto=\"company\" type=\"text\" placeholder=\"Soci\u00e9t\u00e9\"><\/div>\n          <div><div class=\"moto-label\">T\u00e9l\u00e9phone \/ WhatsApp <span class=\"moto-req\">*<\/span><\/div><input class=\"moto-input\" data-moto=\"phone\" type=\"text\" placeholder=\"par ex. 0176 ...\"><\/div>\n          <div><div class=\"moto-label\">Rue + num\u00e9ro <span class=\"moto-req\">*<\/span><\/div><input class=\"moto-input\" data-moto=\"street\" type=\"text\" placeholder=\"Rue N\u00b0 de maison.\"><\/div>\n          <div><div class=\"moto-label\">CODE POSTAL <span class=\"moto-req\">*<\/span><\/div><input class=\"moto-input\" data-moto=\"zip\" type=\"text\" placeholder=\"CODE POSTAL\"><\/div>\n          <div><div class=\"moto-label\">Lieu <span class=\"moto-req\">*<\/span><\/div><input class=\"moto-input\" data-moto=\"city\" type=\"text\" placeholder=\"Lieu\"><\/div>\n          <div><div class=\"moto-label\">Courrier \u00e9lectronique <span class=\"moto-req\">*<\/span><\/div><input class=\"moto-input\" data-moto=\"email\" type=\"email\" placeholder=\"name@mail.de\"><\/div>\n          <div><div class=\"moto-label\">Communication pr\u00e9f\u00e9rentielle <span class=\"moto-req\">*<\/span><\/div><select class=\"moto-select\" data-moto=\"contactpref\"><option value=\"whatsapp\">WhatsApp<\/option><option value=\"email\">Courrier \u00e9lectronique<\/option><\/select><\/div>\n          <div><div class=\"moto-label\">Poids du conducteur (en option)<\/div><input class=\"moto-input\" data-moto=\"weight\" type=\"text\" placeholder=\"p.ex. 95 kg avec v\u00eatements\"><\/div>\n          <div style=\"grid-column:1 \/ -1\"><div class=\"moto-label\">Message pour nous (facultatif)<\/div><textarea class=\"moto-textarea\" data-moto=\"note\" placeholder=\"Kurze Mitteilung, falls n\u00f6tig...\"><\/textarea><\/div>\n        <\/div>\n\n        <div style=\"margin-top:10px\" class=\"moto-row\">\n          <label class=\"moto-row\" style=\"gap:8px\"><input type=\"checkbox\" data-moto=\"privacy\"><span>J'ai fait <a href=\"https:\/\/motorrad-stossdaempfer-reparatur.de\/fr\/datenschutz\/\" target=\"_blank\" rel=\"noopener\">Politique de confidentialit\u00e9<\/a> et je les accepte. <span class=\"moto-req\">*<\/span><\/span><\/label>\n        <\/div>\n        <div style=\"margin-top:10px\" class=\"moto-row\">\n          <label class=\"moto-row\" style=\"gap:8px\"><input type=\"checkbox\" data-moto=\"orderconfirm\"><span>Ich best\u00e4tige, dass ich einen <strong>verbindlichen Auftrag<\/strong> erteile und keine Anfrage stelle. <span class=\"moto-req\">*<\/span><\/span><\/label>\n        <\/div>\n        <div style=\"margin-top:12px\" class=\"moto-row\">\n          <button class=\"moto-btn\" data-moto=\"makepdf\" type=\"button\">Verbindlichen Auftrag erstellen (PDF mit QR)<\/button>\n          <span class=\"moto-muted\">Apr\u00e8s la cr\u00e9ation, le bouton de t\u00e9l\u00e9chargement appara\u00eet directement.<\/span>\n        <\/div>\n        <div data-moto=\"result\" style=\"margin-top:12px\"><\/div>\n      <\/div>\n    <\/div>\n    <\/div>\n\t\t\t\t\t\t<\/div>\n\t\t\t\t<\/div>\n\t\t\t\t\t<\/div>\n\t\t\t\t<\/div>\n\t\t\t\t<\/div>","protected":false},"excerpt":{"rendered":"<p>Triumph Semi-Active Suspension (TSAS) Reparatur Ob Tiger 1200 oder Speed Triple \u2013 das semi-aktive Fahrwerk von Triumph sorgt f\u00fcr maximale Souver\u00e4nit\u00e4t. Wir bieten Ihnen den Experten-Service f\u00fcr die Instandsetzung Ihres elektronischen WP\/Triumph-Systems. \ud83c\udf00 TSAS Federbein-Revision Das elektronisch geregelte Heck der Tiger-Modelle ist f\u00fcr lange Reisen gebaut. Bei Defekten helfen wir mit: Vollst\u00e4ndiger Abdichtung bei \u00d6lverlust. [&hellip;]<\/p>\n","protected":false},"author":4,"featured_media":0,"parent":0,"menu_order":0,"comment_status":"closed","ping_status":"closed","template":"","meta":{"inline_featured_image":false,"_monsterinsights_skip_tracking":false,"_monsterinsights_sitenote_active":false,"_monsterinsights_sitenote_note":"","_monsterinsights_sitenote_category":0,"footnotes":""},"class_list":["post-3041","page","type-page","status-publish","hentry"],"yoast_head":"<!-- This site is optimized with the Yoast SEO plugin v27.4 - https:\/\/yoast.com\/product\/yoast-seo-wordpress\/ -->\n<title>Triumph Semi-Active Suspension (TSAS) - MOTORRAD STOSSD\u00c4MPFER REPARATUR<\/title>\n<meta name=\"robots\" content=\"index, follow, max-snippet:-1, max-image-preview:large, max-video-preview:-1\" \/>\n<link rel=\"canonical\" href=\"https:\/\/motorrad-stossdaempfer-reparatur.de\/fr\/triumph-semi-active-suspension-tsas\/\" \/>\n<meta property=\"og:locale\" content=\"fr_FR\" \/>\n<meta property=\"og:type\" content=\"article\" \/>\n<meta property=\"og:title\" content=\"Triumph Semi-Active Suspension (TSAS) - MOTORRAD STOSSD\u00c4MPFER REPARATUR\" \/>\n<meta property=\"og:description\" content=\"Triumph Semi-Active Suspension (TSAS) Reparatur Ob Tiger 1200 oder Speed Triple \u2013 das semi-aktive Fahrwerk von Triumph sorgt f\u00fcr maximale Souver\u00e4nit\u00e4t. Wir bieten Ihnen den Experten-Service f\u00fcr die Instandsetzung Ihres elektronischen WP\/Triumph-Systems. \ud83c\udf00 TSAS Federbein-Revision Das elektronisch geregelte Heck der Tiger-Modelle ist f\u00fcr lange Reisen gebaut. Bei Defekten helfen wir mit: Vollst\u00e4ndiger Abdichtung bei \u00d6lverlust. [&hellip;]\" \/>\n<meta property=\"og:url\" content=\"https:\/\/motorrad-stossdaempfer-reparatur.de\/fr\/triumph-semi-active-suspension-tsas\/\" \/>\n<meta property=\"og:site_name\" content=\"MOTORRAD STOSSD\u00c4MPFER REPARATUR\" \/>\n<meta property=\"article:modified_time\" content=\"2026-02-19T12:11:57+00:00\" \/>\n<meta name=\"twitter:card\" content=\"summary_large_image\" \/>\n<meta name=\"twitter:label1\" content=\"Dur\u00e9e de lecture estim\u00e9e\" \/>\n\t<meta name=\"twitter:data1\" content=\"1 minute\" \/>\n<script type=\"application\/ld+json\" class=\"yoast-schema-graph\">{\"@context\":\"https:\\\/\\\/schema.org\",\"@graph\":[{\"@type\":\"WebPage\",\"@id\":\"https:\\\/\\\/motorrad-stossdaempfer-reparatur.de\\\/triumph-semi-active-suspension-tsas\\\/\",\"url\":\"https:\\\/\\\/motorrad-stossdaempfer-reparatur.de\\\/triumph-semi-active-suspension-tsas\\\/\",\"name\":\"Triumph Semi-Active Suspension (TSAS) - MOTORRAD STOSSD\u00c4MPFER REPARATUR\",\"isPartOf\":{\"@id\":\"https:\\\/\\\/motorrad-stossdaempfer-reparatur.de\\\/#website\"},\"datePublished\":\"2026-02-19T12:10:48+00:00\",\"dateModified\":\"2026-02-19T12:11:57+00:00\",\"breadcrumb\":{\"@id\":\"https:\\\/\\\/motorrad-stossdaempfer-reparatur.de\\\/triumph-semi-active-suspension-tsas\\\/#breadcrumb\"},\"inLanguage\":\"fr-FR\",\"potentialAction\":[{\"@type\":\"ReadAction\",\"target\":[\"https:\\\/\\\/motorrad-stossdaempfer-reparatur.de\\\/triumph-semi-active-suspension-tsas\\\/\"]}]},{\"@type\":\"BreadcrumbList\",\"@id\":\"https:\\\/\\\/motorrad-stossdaempfer-reparatur.de\\\/triumph-semi-active-suspension-tsas\\\/#breadcrumb\",\"itemListElement\":[{\"@type\":\"ListItem\",\"position\":1,\"name\":\"Startseite\",\"item\":\"https:\\\/\\\/motorrad-stossdaempfer-reparatur.de\\\/\"},{\"@type\":\"ListItem\",\"position\":2,\"name\":\"Triumph Semi-Active Suspension (TSAS)\"}]},{\"@type\":\"WebSite\",\"@id\":\"https:\\\/\\\/motorrad-stossdaempfer-reparatur.de\\\/#website\",\"url\":\"https:\\\/\\\/motorrad-stossdaempfer-reparatur.de\\\/\",\"name\":\"MOTORRAD STOSSD\u00c4MPFER REPARATUR\",\"description\":\"Motorrad Ibbenb\u00fcren bietet Reparatur f\u00fcr deine Stossd\u00e4mpfer und Federbeine\",\"publisher\":{\"@id\":\"https:\\\/\\\/motorrad-stossdaempfer-reparatur.de\\\/#organization\"},\"potentialAction\":[{\"@type\":\"SearchAction\",\"target\":{\"@type\":\"EntryPoint\",\"urlTemplate\":\"https:\\\/\\\/motorrad-stossdaempfer-reparatur.de\\\/?s={search_term_string}\"},\"query-input\":{\"@type\":\"PropertyValueSpecification\",\"valueRequired\":true,\"valueName\":\"search_term_string\"}}],\"inLanguage\":\"fr-FR\"},{\"@type\":\"Organization\",\"@id\":\"https:\\\/\\\/motorrad-stossdaempfer-reparatur.de\\\/#organization\",\"name\":\"MOTORRAD STOSSD\u00c4MPFER REPARATUR\",\"url\":\"https:\\\/\\\/motorrad-stossdaempfer-reparatur.de\\\/\",\"logo\":{\"@type\":\"ImageObject\",\"inLanguage\":\"fr-FR\",\"@id\":\"https:\\\/\\\/motorrad-stossdaempfer-reparatur.de\\\/#\\\/schema\\\/logo\\\/image\\\/\",\"url\":\"https:\\\/\\\/motorrad-stossdaempfer-reparatur.de\\\/wp-content\\\/uploads\\\/2021\\\/04\\\/logo_motorrad-stossdaempfer-reparatur_700px.png\",\"contentUrl\":\"https:\\\/\\\/motorrad-stossdaempfer-reparatur.de\\\/wp-content\\\/uploads\\\/2021\\\/04\\\/logo_motorrad-stossdaempfer-reparatur_700px.png\",\"width\":700,\"height\":370,\"caption\":\"MOTORRAD STOSSD\u00c4MPFER REPARATUR\"},\"image\":{\"@id\":\"https:\\\/\\\/motorrad-stossdaempfer-reparatur.de\\\/#\\\/schema\\\/logo\\\/image\\\/\"}}]}<\/script>\n<!-- \/ Yoast SEO plugin. -->","yoast_head_json":{"title":"Triumph Semi-Active Suspension (TSAS) - R\u00c9PARATION D'AMORTISSEURS DE MOTOCYCLE","robots":{"index":"index","follow":"follow","max-snippet":"max-snippet:-1","max-image-preview":"max-image-preview:large","max-video-preview":"max-video-preview:-1"},"canonical":"https:\/\/motorrad-stossdaempfer-reparatur.de\/fr\/triumph-semi-active-suspension-tsas\/","og_locale":"fr_FR","og_type":"article","og_title":"Triumph Semi-Active Suspension (TSAS) - MOTORRAD STOSSD\u00c4MPFER REPARATUR","og_description":"Triumph Semi-Active Suspension (TSAS) Reparatur Ob Tiger 1200 oder Speed Triple \u2013 das semi-aktive Fahrwerk von Triumph sorgt f\u00fcr maximale Souver\u00e4nit\u00e4t. Wir bieten Ihnen den Experten-Service f\u00fcr die Instandsetzung Ihres elektronischen WP\/Triumph-Systems. \ud83c\udf00 TSAS Federbein-Revision Das elektronisch geregelte Heck der Tiger-Modelle ist f\u00fcr lange Reisen gebaut. Bei Defekten helfen wir mit: Vollst\u00e4ndiger Abdichtung bei \u00d6lverlust. [&hellip;]","og_url":"https:\/\/motorrad-stossdaempfer-reparatur.de\/fr\/triumph-semi-active-suspension-tsas\/","og_site_name":"MOTORRAD STOSSD\u00c4MPFER REPARATUR","article_modified_time":"2026-02-19T12:11:57+00:00","twitter_card":"summary_large_image","twitter_misc":{"Dur\u00e9e de lecture estim\u00e9e":"1 minute"},"schema":{"@context":"https:\/\/schema.org","@graph":[{"@type":"WebPage","@id":"https:\/\/motorrad-stossdaempfer-reparatur.de\/triumph-semi-active-suspension-tsas\/","url":"https:\/\/motorrad-stossdaempfer-reparatur.de\/triumph-semi-active-suspension-tsas\/","name":"Triumph Semi-Active Suspension (TSAS) - R\u00c9PARATION D'AMORTISSEURS DE MOTOCYCLE","isPartOf":{"@id":"https:\/\/motorrad-stossdaempfer-reparatur.de\/#website"},"datePublished":"2026-02-19T12:10:48+00:00","dateModified":"2026-02-19T12:11:57+00:00","breadcrumb":{"@id":"https:\/\/motorrad-stossdaempfer-reparatur.de\/triumph-semi-active-suspension-tsas\/#breadcrumb"},"inLanguage":"fr-FR","potentialAction":[{"@type":"ReadAction","target":["https:\/\/motorrad-stossdaempfer-reparatur.de\/triumph-semi-active-suspension-tsas\/"]}]},{"@type":"BreadcrumbList","@id":"https:\/\/motorrad-stossdaempfer-reparatur.de\/triumph-semi-active-suspension-tsas\/#breadcrumb","itemListElement":[{"@type":"ListItem","position":1,"name":"Startseite","item":"https:\/\/motorrad-stossdaempfer-reparatur.de\/"},{"@type":"ListItem","position":2,"name":"Triumph Semi-Active Suspension (TSAS)"}]},{"@type":"WebSite","@id":"https:\/\/motorrad-stossdaempfer-reparatur.de\/#website","url":"https:\/\/motorrad-stossdaempfer-reparatur.de\/","name":"R\u00c9PARATION D'AMORTISSEURS DE MOTO","description":"Motorrad Ibbenb\u00fcren propose la r\u00e9paration de tes amortisseurs et jambes de suspension","publisher":{"@id":"https:\/\/motorrad-stossdaempfer-reparatur.de\/#organization"},"potentialAction":[{"@type":"SearchAction","target":{"@type":"EntryPoint","urlTemplate":"https:\/\/motorrad-stossdaempfer-reparatur.de\/?s={search_term_string}"},"query-input":{"@type":"PropertyValueSpecification","valueRequired":true,"valueName":"search_term_string"}}],"inLanguage":"fr-FR"},{"@type":"Organization","@id":"https:\/\/motorrad-stossdaempfer-reparatur.de\/#organization","name":"R\u00c9PARATION D'AMORTISSEURS DE MOTO","url":"https:\/\/motorrad-stossdaempfer-reparatur.de\/","logo":{"@type":"ImageObject","inLanguage":"fr-FR","@id":"https:\/\/motorrad-stossdaempfer-reparatur.de\/#\/schema\/logo\/image\/","url":"https:\/\/motorrad-stossdaempfer-reparatur.de\/wp-content\/uploads\/2021\/04\/logo_motorrad-stossdaempfer-reparatur_700px.png","contentUrl":"https:\/\/motorrad-stossdaempfer-reparatur.de\/wp-content\/uploads\/2021\/04\/logo_motorrad-stossdaempfer-reparatur_700px.png","width":700,"height":370,"caption":"MOTORRAD STOSSD\u00c4MPFER REPARATUR"},"image":{"@id":"https:\/\/motorrad-stossdaempfer-reparatur.de\/#\/schema\/logo\/image\/"}}]}},"_links":{"self":[{"href":"https:\/\/motorrad-stossdaempfer-reparatur.de\/fr\/wp-json\/wp\/v2\/pages\/3041","targetHints":{"allow":["GET"]}}],"collection":[{"href":"https:\/\/motorrad-stossdaempfer-reparatur.de\/fr\/wp-json\/wp\/v2\/pages"}],"about":[{"href":"https:\/\/motorrad-stossdaempfer-reparatur.de\/fr\/wp-json\/wp\/v2\/types\/page"}],"author":[{"embeddable":true,"href":"https:\/\/motorrad-stossdaempfer-reparatur.de\/fr\/wp-json\/wp\/v2\/users\/4"}],"replies":[{"embeddable":true,"href":"https:\/\/motorrad-stossdaempfer-reparatur.de\/fr\/wp-json\/wp\/v2\/comments?post=3041"}],"version-history":[{"count":4,"href":"https:\/\/motorrad-stossdaempfer-reparatur.de\/fr\/wp-json\/wp\/v2\/pages\/3041\/revisions"}],"predecessor-version":[{"id":3045,"href":"https:\/\/motorrad-stossdaempfer-reparatur.de\/fr\/wp-json\/wp\/v2\/pages\/3041\/revisions\/3045"}],"wp:attachment":[{"href":"https:\/\/motorrad-stossdaempfer-reparatur.de\/fr\/wp-json\/wp\/v2\/media?parent=3041"}],"curies":[{"name":"wp","href":"https:\/\/api.w.org\/{rel}","templated":true}]}}