{"id":15,"date":"2021-04-08T16:12:52","date_gmt":"2021-04-08T14:12:52","guid":{"rendered":"https:\/\/reachingforatlantis.lutzlindemann.com\/?page_id=15"},"modified":"2025-03-17T17:43:41","modified_gmt":"2025-03-17T16:43:41","slug":"imprint","status":"publish","type":"page","link":"https:\/\/motorrad-stossdaempfer-reparatur.de\/en\/impressum\/","title":{"rendered":"IMPRINT"},"content":{"rendered":"<div data-elementor-type=\"wp-page\" data-elementor-id=\"15\" class=\"elementor elementor-15\" data-elementor-post-type=\"page\">\n\t\t\t\t\t\t<section class=\"elementor-section elementor-top-section elementor-element elementor-element-eb9182b elementor-section-boxed elementor-section-height-default elementor-section-height-default\" data-id=\"eb9182b\" data-element_type=\"section\" data-e-type=\"section\">\n\t\t\t\t\t\t<div class=\"elementor-container elementor-column-gap-default\">\n\t\t\t\t\t<div class=\"elementor-column elementor-col-100 elementor-top-column elementor-element elementor-element-241e0e6\" data-id=\"241e0e6\" data-element_type=\"column\" data-e-type=\"column\">\n\t\t\t<div class=\"elementor-widget-wrap elementor-element-populated\">\n\t\t\t\t\t\t<div class=\"elementor-element elementor-element-33a503d elementor-widget elementor-widget-heading\" data-id=\"33a503d\" data-element_type=\"widget\" data-e-type=\"widget\" data-widget_type=\"heading.default\">\n\t\t\t\t<div class=\"elementor-widget-container\">\n\t\t\t\t\t<h2 class=\"elementor-heading-title elementor-size-default\">Legal notice<\/h2>\t\t\t\t<\/div>\n\t\t\t\t<\/div>\n\t\t\t\t\t<\/div>\n\t\t<\/div>\n\t\t\t\t\t<\/div>\n\t\t<\/section>\n\t\t\t\t<section class=\"elementor-section elementor-top-section elementor-element elementor-element-65e41bf elementor-section-boxed elementor-section-height-default elementor-section-height-default\" data-id=\"65e41bf\" data-element_type=\"section\" data-e-type=\"section\">\n\t\t\t\t\t\t<div class=\"elementor-container elementor-column-gap-default\">\n\t\t\t\t\t<div class=\"elementor-column elementor-col-50 elementor-top-column elementor-element elementor-element-0e66f1a\" data-id=\"0e66f1a\" data-element_type=\"column\" data-e-type=\"column\">\n\t\t\t<div class=\"elementor-widget-wrap elementor-element-populated\">\n\t\t\t\t\t\t<div class=\"elementor-element elementor-element-436ba16 elementor-widget elementor-widget-text-editor\" data-id=\"436ba16\" data-element_type=\"widget\" data-e-type=\"widget\" data-widget_type=\"text-editor.default\">\n\t\t\t\t<div class=\"elementor-widget-container\">\n\t\t\t\t\t\t\t\t\t<div class=\"wpb_text_column wpb_content_element\"><div class=\"wpb_wrapper\"><div>Markus Stryjewski<\/div><div><span class=\"m-specific lh-1 m-font-size-16\">K\u00f6tterstra\u00dfe 34a<\/span><\/div><div><span class=\"m-specific lh-1 m-font-size-16\">49479 Ibbenb\u00fcren<\/span><\/div><div>\u00a0\u00a0<\/div><div><span class=\"m-specific lh-1 m-font-size-16\">Phone: +49 (0) 176 \/ 55 07 59 11<br \/>Mail: info@moto-shock.de<\/span><\/div><\/div><\/div>\t\t\t\t\t\t\t\t<\/div>\n\t\t\t\t<\/div>\n\t\t\t\t\t<\/div>\n\t\t<\/div>\n\t\t\t\t<div class=\"elementor-column elementor-col-50 elementor-top-column elementor-element elementor-element-f9adee9\" data-id=\"f9adee9\" data-element_type=\"column\" data-e-type=\"column\">\n\t\t\t<div class=\"elementor-widget-wrap\">\n\t\t\t\t\t\t\t<\/div>\n\t\t<\/div>\n\t\t\t\t\t<\/div>\n\t\t<\/section>\n\t\t\t\t<section class=\"elementor-section elementor-top-section elementor-element elementor-element-773898c elementor-section-boxed elementor-section-height-default elementor-section-height-default\" data-id=\"773898c\" data-element_type=\"section\" data-e-type=\"section\">\n\t\t\t\t\t\t<div class=\"elementor-container elementor-column-gap-default\">\n\t\t\t\t\t<div class=\"elementor-column elementor-col-100 elementor-top-column elementor-element elementor-element-54b0e8d\" data-id=\"54b0e8d\" data-element_type=\"column\" data-e-type=\"column\">\n\t\t\t<div class=\"elementor-widget-wrap elementor-element-populated\">\n\t\t\t\t\t\t<div class=\"elementor-element elementor-element-cfc049a elementor-widget elementor-widget-text-editor\" data-id=\"cfc049a\" data-element_type=\"widget\" data-e-type=\"widget\" data-widget_type=\"text-editor.default\">\n\t\t\t\t<div class=\"elementor-widget-container\">\n\t\t\t\t\t\t\t\t\t<div class=\"page\" title=\"Page 1\"><div class=\"section\"><div class=\"layoutArea\"><div class=\"column\"><div class=\"page\" title=\"Page 1\"><div class=\"section\"><div class=\"layoutArea\"><div class=\"column\"><p><strong><span style=\"color: var( --e-global-color-text ); font-family: var( --e-global-typography-text-font-family ), Sans-serif; background-color: var( --e-global-color-5968164 ); font-size: 1rem;\">Liability for content<br \/><\/span><\/strong>As a service provider, we are responsible for our own content on these pages in accordance with general laws, pursuant to Section 7 (1) of the German Telemedia Act (TMG). However, as a service provider, we are not obliged under Sections 8 to 10 of the TMG to monitor transmitted or stored third-party information or to investigate circumstances that indicate unlawful activity. <br \/>Obligations to remove or block the use of information under general laws remain unaffected by this. However, liability in this regard only arises from the point at which knowledge of a concrete legal infringement is obtained. Upon becoming aware of corresponding legal infringements, we will remove such content immediately. <br \/>Liability for links <br \/>Our offer includes links to external websites of third parties, over whose content we have no influence. Therefore, we cannot assume any liability for this external content. The respective provider or operator of the linked websites is always responsible for the content of these sites. The linked sites were checked for possible legal infringements at the time of linking. No unlawful content was apparent at the time of linking. <br \/>However, continuous substantive monitoring of the linked pages is unreasonable without concrete indications of an infringement. Upon becoming aware of infringements, we will remove such links immediately.<\/p><p><strong>Copyright<\/strong> <br \/>The content and works created by the site operators on these pages are subject to German copyright law. Reproduction, editing, distribution, and any kind of exploitation outside the limits of copyright law require the written consent of the respective author or creator. Downloads and copies of this page are only permitted for private, non-commercial use. <br \/>Insofar as the content on this site was not created by the operator, the copyrights of third parties are respected. In particular, third-party content is labelled as such. Should you nevertheless become aware of a copyright infringement, please inform us accordingly. If we become aware of any infringements, we will remove such content immediately.<\/p><p>Source <br \/><a href=\"https:\/\/www.e-recht24.de\/impressum-generator.html\" target=\"_blank\" rel=\"noopener\">https:\/\/www.e-recht24.de\/impressum-generator.html<\/a><\/p><\/div><\/div><\/div><\/div><\/div><\/div><\/div><\/div>\t\t\t\t\t\t\t\t<\/div>\n\t\t\t\t<\/div>\n\t\t\t\t\t<\/div>\n\t\t<\/div>\n\t\t\t\t\t<\/div>\n\t\t<\/section>\n\t\t\t\t<\/div>","protected":false},"excerpt":{"rendered":"<p>Impressum Markus StryjewskiK\u00f6tterstra\u00dfe 34a49479 Ibbenb\u00fcren\u00a0\u00a0Tel.: +49 (0) 176 \/ 55 07 59 11Mail: info@moto-shock.de Haftung f\u00fcr InhalteAls Diensteanbieter sind wir gem\u00e4\u00df \u00a7 7 Abs.1 TMG f\u00fcr eigene Inhalte auf diesen Seiten nach den allgemeinen Gesetzen verantwortlich. Nach \u00a7\u00a7 8 bis 10 TMG sind wir als Diensteanbieter jedoch nicht verpflichtet, \u00fcbermittelte oder gespeicherte fremde Informationen zu [&hellip;]<\/p>\n","protected":false},"author":1,"featured_media":0,"parent":0,"menu_order":0,"comment_status":"closed","ping_status":"closed","template":"elementor_header_footer","meta":{"inline_featured_image":false,"_monsterinsights_skip_tracking":false,"_monsterinsights_sitenote_active":false,"_monsterinsights_sitenote_note":"","_monsterinsights_sitenote_category":0,"footnotes":""},"class_list":["post-15","page","type-page","status-publish","hentry"],"yoast_head":"<!-- This site is optimized with the Yoast SEO plugin v27.4 - https:\/\/yoast.com\/product\/yoast-seo-wordpress\/ -->\n<title>IMPRESSUM - MOTORRAD STOSSD\u00c4MPFER REPARATUR<\/title>\n<meta name=\"robots\" content=\"index, follow, max-snippet:-1, max-image-preview:large, max-video-preview:-1\" \/>\n<link rel=\"canonical\" href=\"https:\/\/motorrad-stossdaempfer-reparatur.de\/en\/imprint\/\" \/>\n<meta property=\"og:locale\" content=\"en_GB\" \/>\n<meta property=\"og:type\" content=\"article\" \/>\n<meta property=\"og:title\" content=\"IMPRESSUM - MOTORRAD STOSSD\u00c4MPFER REPARATUR\" \/>\n<meta property=\"og:description\" content=\"Impressum Markus StryjewskiK\u00f6tterstra\u00dfe 34a49479 Ibbenb\u00fcren\u00a0\u00a0Tel.: +49 (0) 176 \/ 55 07 59 11Mail: info@moto-shock.de Haftung f\u00fcr InhalteAls Diensteanbieter sind wir gem\u00e4\u00df \u00a7 7 Abs.1 TMG f\u00fcr eigene Inhalte auf diesen Seiten nach den allgemeinen Gesetzen verantwortlich. Nach \u00a7\u00a7 8 bis 10 TMG sind wir als Diensteanbieter jedoch nicht verpflichtet, \u00fcbermittelte oder gespeicherte fremde Informationen zu [&hellip;]\" \/>\n<meta property=\"og:url\" content=\"https:\/\/motorrad-stossdaempfer-reparatur.de\/en\/imprint\/\" \/>\n<meta property=\"og:site_name\" content=\"MOTORRAD STOSSD\u00c4MPFER REPARATUR\" \/>\n<meta property=\"article:modified_time\" content=\"2025-03-17T16:43:41+00:00\" \/>\n<meta name=\"twitter:card\" content=\"summary_large_image\" \/>\n<meta name=\"twitter:label1\" content=\"Estimated reading time\" \/>\n\t<meta name=\"twitter:data1\" content=\"2 minutes\" \/>\n<script type=\"application\/ld+json\" class=\"yoast-schema-graph\">{\"@context\":\"https:\\\/\\\/schema.org\",\"@graph\":[{\"@type\":\"WebPage\",\"@id\":\"https:\\\/\\\/motorrad-stossdaempfer-reparatur.de\\\/impressum\\\/\",\"url\":\"https:\\\/\\\/motorrad-stossdaempfer-reparatur.de\\\/impressum\\\/\",\"name\":\"IMPRESSUM - MOTORRAD STOSSD\u00c4MPFER REPARATUR\",\"isPartOf\":{\"@id\":\"https:\\\/\\\/motorrad-stossdaempfer-reparatur.de\\\/#website\"},\"datePublished\":\"2021-04-08T14:12:52+00:00\",\"dateModified\":\"2025-03-17T16:43:41+00:00\",\"breadcrumb\":{\"@id\":\"https:\\\/\\\/motorrad-stossdaempfer-reparatur.de\\\/impressum\\\/#breadcrumb\"},\"inLanguage\":\"en-GB\",\"potentialAction\":[{\"@type\":\"ReadAction\",\"target\":[\"https:\\\/\\\/motorrad-stossdaempfer-reparatur.de\\\/impressum\\\/\"]}]},{\"@type\":\"BreadcrumbList\",\"@id\":\"https:\\\/\\\/motorrad-stossdaempfer-reparatur.de\\\/impressum\\\/#breadcrumb\",\"itemListElement\":[{\"@type\":\"ListItem\",\"position\":1,\"name\":\"Startseite\",\"item\":\"https:\\\/\\\/motorrad-stossdaempfer-reparatur.de\\\/\"},{\"@type\":\"ListItem\",\"position\":2,\"name\":\"IMPRESSUM\"}]},{\"@type\":\"WebSite\",\"@id\":\"https:\\\/\\\/motorrad-stossdaempfer-reparatur.de\\\/#website\",\"url\":\"https:\\\/\\\/motorrad-stossdaempfer-reparatur.de\\\/\",\"name\":\"MOTORRAD STOSSD\u00c4MPFER REPARATUR\",\"description\":\"Motorrad Ibbenb\u00fcren bietet Reparatur f\u00fcr deine Stossd\u00e4mpfer und Federbeine\",\"publisher\":{\"@id\":\"https:\\\/\\\/motorrad-stossdaempfer-reparatur.de\\\/#organization\"},\"potentialAction\":[{\"@type\":\"SearchAction\",\"target\":{\"@type\":\"EntryPoint\",\"urlTemplate\":\"https:\\\/\\\/motorrad-stossdaempfer-reparatur.de\\\/?s={search_term_string}\"},\"query-input\":{\"@type\":\"PropertyValueSpecification\",\"valueRequired\":true,\"valueName\":\"search_term_string\"}}],\"inLanguage\":\"en-GB\"},{\"@type\":\"Organization\",\"@id\":\"https:\\\/\\\/motorrad-stossdaempfer-reparatur.de\\\/#organization\",\"name\":\"MOTORRAD STOSSD\u00c4MPFER REPARATUR\",\"url\":\"https:\\\/\\\/motorrad-stossdaempfer-reparatur.de\\\/\",\"logo\":{\"@type\":\"ImageObject\",\"inLanguage\":\"en-GB\",\"@id\":\"https:\\\/\\\/motorrad-stossdaempfer-reparatur.de\\\/#\\\/schema\\\/logo\\\/image\\\/\",\"url\":\"https:\\\/\\\/motorrad-stossdaempfer-reparatur.de\\\/wp-content\\\/uploads\\\/2021\\\/04\\\/logo_motorrad-stossdaempfer-reparatur_700px.png\",\"contentUrl\":\"https:\\\/\\\/motorrad-stossdaempfer-reparatur.de\\\/wp-content\\\/uploads\\\/2021\\\/04\\\/logo_motorrad-stossdaempfer-reparatur_700px.png\",\"width\":700,\"height\":370,\"caption\":\"MOTORRAD STOSSD\u00c4MPFER REPARATUR\"},\"image\":{\"@id\":\"https:\\\/\\\/motorrad-stossdaempfer-reparatur.de\\\/#\\\/schema\\\/logo\\\/image\\\/\"}}]}<\/script>\n<!-- \/ Yoast SEO plugin. -->","yoast_head_json":{"title":"IMPRESSUM - MOTORCYCLE SHOCK ABSORBER REPAIR","robots":{"index":"index","follow":"follow","max-snippet":"max-snippet:-1","max-image-preview":"max-image-preview:large","max-video-preview":"max-video-preview:-1"},"canonical":"https:\/\/motorrad-stossdaempfer-reparatur.de\/en\/imprint\/","og_locale":"en_GB","og_type":"article","og_title":"IMPRESSUM - MOTORRAD STOSSD\u00c4MPFER REPARATUR","og_description":"Impressum Markus StryjewskiK\u00f6tterstra\u00dfe 34a49479 Ibbenb\u00fcren\u00a0\u00a0Tel.: +49 (0) 176 \/ 55 07 59 11Mail: info@moto-shock.de Haftung f\u00fcr InhalteAls Diensteanbieter sind wir gem\u00e4\u00df \u00a7 7 Abs.1 TMG f\u00fcr eigene Inhalte auf diesen Seiten nach den allgemeinen Gesetzen verantwortlich. Nach \u00a7\u00a7 8 bis 10 TMG sind wir als Diensteanbieter jedoch nicht verpflichtet, \u00fcbermittelte oder gespeicherte fremde Informationen zu [&hellip;]","og_url":"https:\/\/motorrad-stossdaempfer-reparatur.de\/en\/imprint\/","og_site_name":"MOTORRAD STOSSD\u00c4MPFER REPARATUR","article_modified_time":"2025-03-17T16:43:41+00:00","twitter_card":"summary_large_image","twitter_misc":{"Estimated reading time":"2 minutes"},"schema":{"@context":"https:\/\/schema.org","@graph":[{"@type":"WebPage","@id":"https:\/\/motorrad-stossdaempfer-reparatur.de\/impressum\/","url":"https:\/\/motorrad-stossdaempfer-reparatur.de\/impressum\/","name":"IMPRESSUM - MOTORCYCLE SHOCK ABSORBER REPAIR","isPartOf":{"@id":"https:\/\/motorrad-stossdaempfer-reparatur.de\/#website"},"datePublished":"2021-04-08T14:12:52+00:00","dateModified":"2025-03-17T16:43:41+00:00","breadcrumb":{"@id":"https:\/\/motorrad-stossdaempfer-reparatur.de\/impressum\/#breadcrumb"},"inLanguage":"en-GB","potentialAction":[{"@type":"ReadAction","target":["https:\/\/motorrad-stossdaempfer-reparatur.de\/impressum\/"]}]},{"@type":"BreadcrumbList","@id":"https:\/\/motorrad-stossdaempfer-reparatur.de\/impressum\/#breadcrumb","itemListElement":[{"@type":"ListItem","position":1,"name":"Startseite","item":"https:\/\/motorrad-stossdaempfer-reparatur.de\/"},{"@type":"ListItem","position":2,"name":"IMPRESSUM"}]},{"@type":"WebSite","@id":"https:\/\/motorrad-stossdaempfer-reparatur.de\/#website","url":"https:\/\/motorrad-stossdaempfer-reparatur.de\/","name":"MOTORBIKE SHOCK ABSORBER REPAIR","description":"Motorbike Ibbenb\u00fcren offers repairs for your shock absorbers and suspension struts","publisher":{"@id":"https:\/\/motorrad-stossdaempfer-reparatur.de\/#organization"},"potentialAction":[{"@type":"SearchAction","target":{"@type":"EntryPoint","urlTemplate":"https:\/\/motorrad-stossdaempfer-reparatur.de\/?s={search_term_string}"},"query-input":{"@type":"PropertyValueSpecification","valueRequired":true,"valueName":"search_term_string"}}],"inLanguage":"en-GB"},{"@type":"Organization","@id":"https:\/\/motorrad-stossdaempfer-reparatur.de\/#organization","name":"MOTORBIKE SHOCK ABSORBER REPAIR","url":"https:\/\/motorrad-stossdaempfer-reparatur.de\/","logo":{"@type":"ImageObject","inLanguage":"en-GB","@id":"https:\/\/motorrad-stossdaempfer-reparatur.de\/#\/schema\/logo\/image\/","url":"https:\/\/motorrad-stossdaempfer-reparatur.de\/wp-content\/uploads\/2021\/04\/logo_motorrad-stossdaempfer-reparatur_700px.png","contentUrl":"https:\/\/motorrad-stossdaempfer-reparatur.de\/wp-content\/uploads\/2021\/04\/logo_motorrad-stossdaempfer-reparatur_700px.png","width":700,"height":370,"caption":"MOTORRAD STOSSD\u00c4MPFER REPARATUR"},"image":{"@id":"https:\/\/motorrad-stossdaempfer-reparatur.de\/#\/schema\/logo\/image\/"}}]}},"_links":{"self":[{"href":"https:\/\/motorrad-stossdaempfer-reparatur.de\/en\/wp-json\/wp\/v2\/pages\/15","targetHints":{"allow":["GET"]}}],"collection":[{"href":"https:\/\/motorrad-stossdaempfer-reparatur.de\/en\/wp-json\/wp\/v2\/pages"}],"about":[{"href":"https:\/\/motorrad-stossdaempfer-reparatur.de\/en\/wp-json\/wp\/v2\/types\/page"}],"author":[{"embeddable":true,"href":"https:\/\/motorrad-stossdaempfer-reparatur.de\/en\/wp-json\/wp\/v2\/users\/1"}],"replies":[{"embeddable":true,"href":"https:\/\/motorrad-stossdaempfer-reparatur.de\/en\/wp-json\/wp\/v2\/comments?post=15"}],"version-history":[{"count":0,"href":"https:\/\/motorrad-stossdaempfer-reparatur.de\/en\/wp-json\/wp\/v2\/pages\/15\/revisions"}],"wp:attachment":[{"href":"https:\/\/motorrad-stossdaempfer-reparatur.de\/en\/wp-json\/wp\/v2\/media?parent=15"}],"curies":[{"name":"wp","href":"https:\/\/api.w.org\/{rel}","templated":true}]}}